{"id":6116,"date":"2023-10-23T14:46:36","date_gmt":"2023-10-23T13:46:36","guid":{"rendered":"https:\/\/cat-sly.com\/?page_id=6116"},"modified":"2023-10-23T16:09:16","modified_gmt":"2023-10-23T15:09:16","slug":"politique-de-confidentialite","status":"publish","type":"page","link":"https:\/\/cat-sly.com\/?page_id=6116","title":{"rendered":"Politique de confidentialit\u00e9"},"content":{"rendered":"\n<p>Soucieux du respect des r\u00e8gles de vie priv\u00e9e des individus, la soci\u00e9t\u00e9 SAS Cat &amp; Sly International s\u2019engage \u00e0 respecter les dispositions de la loi n\u00b078-17 du 6 janvier 1978 modifi\u00e9e relative \u00e0 l\u2019informatique, aux fichiers et aux libert\u00e9s ainsi que du R\u00e8glement 679\/2016 du 27 avril 2016 relatif \u00e0 la protection des donn\u00e9es (RGPD).<\/p>\n\n\n\n<p>La pr\u00e9sente Politique de Confidentialit\u00e9 a vocation \u00e0 g\u00e9rer exclusivement le traitement des donn\u00e9es collect\u00e9es directement par notre site e-commerce : https:\/\/cat-sly.com\/.&nbsp;<\/p>\n\n\n\n<h2 class=\"wp-block-heading\"><strong>1. Quel est le statut de Cat &amp; Sly International ?<\/strong><\/h2>\n\n\n\n<p class=\"has-small-font-size\">Cat &amp; Sly International est responsable de traitement des donn\u00e9es collect\u00e9es via son site Internet, formulaires ou pages qui lui sont consacr\u00e9es sur les r\u00e9seaux sociaux.<\/p>\n\n\n\n<p class=\"has-small-font-size\">Les coordonn\u00e9es de Cat &amp; Sly International sont :<\/p>\n\n\n\n<p class=\"has-small-font-size\">Si\u00e8ge social : 17 All\u00e9e Jacques Bossuet \u201333470 GUJAN-&nbsp;MESTRAS.<\/p>\n\n\n\n<p class=\"has-small-font-size\">Mail : info@cat-sly.com<\/p>\n\n\n\n<h2 class=\"wp-block-heading\"><strong>2. Quelles donn\u00e9es personnelles sommes-nous susceptibles de collecter ?<\/strong><\/h2>\n\n\n\n<p>Cat &amp; Sly International peut \u00eatre amen\u00e9e \u00e0 collecter des donn\u00e9es \u00e0 caract\u00e8re personnel aupr\u00e8s de vous, ou en recevoir de votre part, via son site Internet dans le cadre de votre commande, formulaires ou encore pages consacr\u00e9es \u00e0 la marque Cat &amp; Sly International sur les r\u00e9seaux sociaux.<\/p>\n\n\n\n<p>Cat &amp; Sly International peut \u00eatre amen\u00e9e \u00e0 collecter vos noms, \u00e2ge, adresse postale, adresse email, num\u00e9ros de t\u00e9l\u00e9phone, commandes, donn\u00e9es de navigation, etc.<\/p>\n\n\n\n<p>Cat &amp; Sly International peut \u00eatre amen\u00e9e \u00e0 collecter des informations relatives \u00e0 la participation aux jeux concours et\/ou \u00e0 toutes op\u00e9rations promotionnelles (date, fr\u00e9quence, r\u00e9ponses apport\u00e9es aux jeux-concours, lots attribu\u00e9s).<\/p>\n\n\n\n<p>Dans d\u2019autres cas, Cat &amp; Sly International proc\u00e8de \u00e0 la collecte de donn\u00e9es par l\u2019utilisation de cookies pour comprendre votre fa\u00e7on d\u2019utiliser le site internet. La politique de cookies est d\u00e9crite dans un document s\u00e9par\u00e9 \u00e0 la pr\u00e9sente Politique de Confidentialit\u00e9.<\/p>\n\n\n\n<p>Les donn\u00e9es obligatoires sont identifi\u00e9es par un ast\u00e9risque. Certaines sont indispensables pour pouvoir traiter votre demande. D\u00e8s lors, ne pas enregistrer les champs signal\u00e9s par un ast\u00e9risque nous emp\u00eachera de vous r\u00e9pondre ou traiter votre commande.<\/p>\n\n\n\n<p>Cas des Mineurs :<\/p>\n\n\n\n<p>Nos services sont \u00e0 destination de personnes majeures et Cat &amp; Sly International n\u2019est pas autoris\u00e9e \u00e0 traiter et collecter de donn\u00e9es personnelles relatives aux mineurs de moins de 18 ans.<\/p>\n\n\n\n<p>S\u2019il apparait que des donn\u00e9es de mineurs de moins de 18 ans nous auraient \u00e9t\u00e9 transmises, nous ne pourrons traiter les donn\u00e9es.<\/p>\n\n\n\n<p>En aucun cas nous pourrons traiter une demande provenant de mineurs.<\/p>\n\n\n\n<p>En tout \u00e9tat de cause, ses parents ou titulaires de l\u2019exercice de l\u2019autorit\u00e9 parentale ont la possibilit\u00e9 de s\u2019y opposer en nous contactant \u00e0 l\u2019adresse suivante : info[@]cat-sly.com.<\/p>\n\n\n\n<p>L\u2019enfant mineur au moment de la collecte de ses donn\u00e9es personnelles peut en obtenir l\u2019effacement dans les meilleurs d\u00e9lais \u00e0 cette m\u00eame adresse.<\/p>\n\n\n\n<h2 class=\"wp-block-heading\"><strong>3. Quelles sont les finalit\u00e9s du traitement et\/ou de l&#8217;utilisation de vos donn\u00e9es personnelles ?<\/strong><\/h2>\n\n\n\n<p>Cat &amp; Sly International est amen\u00e9e \u00e0 collecter des donn\u00e9es aux fins suivantes :<\/p>\n\n\n\n<p class=\"has-small-font-size\">&#8211; Traitements op\u00e9r\u00e9s sur le fondement de votre consentement :<\/p>\n\n\n\n<p>&#8211; R\u00e9pondre \u00e0 votre demande de contact ;<\/p>\n\n\n\n<p>&#8211; Op\u00e9rations de prospection commerciale \u00e0 l\u2019\u00e9gard de personnes non clientes;<\/p>\n\n\n\n<p>&#8211; D\u00e9p\u00f4t des cookies pour proposer des contenus et de la publicit\u00e9 cibl\u00e9e adapt\u00e9s \u00e0 vos centres d&#8217;int\u00e9r\u00eat, de r\u00e9aliser des mesures pour am\u00e9liorer votre exp\u00e9rience sur le site et de partage sur les r\u00e9seaux sociaux (voir la politique cookies)<\/p>\n\n\n\n<p>&#8211; Participation \u00e0 des op\u00e9rations promotionnelles sp\u00e9cifiques (jeux concours) ;<\/p>\n\n\n\n<p>&#8211; Inscription \u00e0 notre newsletter<\/p>\n\n\n\n<p>&#8211; Traitements op\u00e9r\u00e9s sur le fondement de l\u2019ex\u00e9cution de nos obligations contractuelles :<\/p>\n\n\n\n<p>&#8211; Gestion de la commande, paiement du prix<\/p>\n\n\n\n<p>&#8211; Gestion de la relation client par t\u00e9l\u00e9phone, tchat et email, du suivi du service apr\u00e8s-vente, des retours produits et des remboursements ;<\/p>\n\n\n\n<p>&#8211; Gestion de votre compte \u00ab Mon Cat &amp; Sly \u00bb<\/p>\n\n\n\n<p>&#8211; Traitement op\u00e9r\u00e9 sur le fondement de l\u2019int\u00e9r\u00eat l\u00e9gitime poursuivi par Cat &amp; Sly International:<\/p>\n\n\n\n<p>&#8211; Op\u00e9ration de prospection commerciale aupr\u00e8s de nos clients et professionnels \u00e0 des fins de publicit\u00e9 de nos produits et de nos services ;<\/p>\n\n\n\n<p>&#8211; Analyses statistiques \u00e0 des fins de gestion et d\u2019am\u00e9lioration de nos offres et services ;<\/p>\n\n\n\n<p>&#8211; Lutte contre la fraude lors du paiement de la commande et gestion des impay\u00e9s apr\u00e8s commande ;<\/p>\n\n\n\n<p>&#8211; Enregistrement des \u00e9changes entre le service client et le client par tchat \u00e0 des fins d\u2019am\u00e9lioration de nos services ;<\/p>\n\n\n\n<p>&#8211; Gestion des contentieux<\/p>\n\n\n\n<p>&#8211; R\u00e9organisation de notre activit\u00e9<\/p>\n\n\n\n<p>&#8211; Traitement op\u00e9r\u00e9 sur des dispositions l\u00e9gales :<\/p>\n\n\n\n<p>&#8211; Gestion des demandes d\u2019exercice de droits des personnes concern\u00e9es.<\/p>\n\n\n\n<h2 class=\"wp-block-heading\"><strong>4. Quels sont les destinataires de vos donn\u00e9es personnelles ?<\/strong><\/h2>\n\n\n\n<p>Cat &amp; Sly International collecte des donn\u00e9es qui sont destin\u00e9es aux \u00e9quipes en charge du marketing, de la communication, de la gestion de la relation client et de la logistique.<\/p>\n\n\n\n<p>Cat &amp; Sly International partage \u00e9galement les donn\u00e9es li\u00e9es \u00e0 la livraison ou le retrait de votre commande aupr\u00e8s des magasins franchis\u00e9s que vous avez choisi(s). Il est pr\u00e9cis\u00e9 que si l\u2019internaute achetant un produit sur le Site consent \u00e0 adh\u00e9rer au programme tribu, il sera susceptible de recevoir des op\u00e9rations de prospection commerciale par le r\u00e9seau Cat &amp; Sly International.<\/p>\n\n\n\n<p>Cat &amp; Sly International partage vos donn\u00e9es personnelles uniquement avec les tiers suivants :<\/p>\n\n\n\n<p>&#8211; Nos sous-traitants techniques (h\u00e9bergement, s\u00e9curit\u00e9 informatique \u2026) ;<\/p>\n\n\n\n<p>&#8211; Nos sous-traitants en charge de la relation client (tchat s\u2019il y a lieu, enqu\u00eate de satisfaction, sondage &#8230;) ;<\/p>\n\n\n\n<p>&#8211; Nos sous-traitants marketing qui peuvent \u00eatre issus des soci\u00e9t\u00e9s du Groupe V and B (op\u00e9rations de prospections, gestion des jeux concours, r\u00e9gies publicitaires&#8230;) ;<\/p>\n\n\n\n<p>&#8211; Nos sous-traitants charg\u00e9s du transport et de la livraison qui peuvent \u00eatre issus des soci\u00e9t\u00e9s du Groupe V and B.<\/p>\n\n\n\n<p>Cat &amp; Sly International partage vos donn\u00e9es personnelles avec d&#8217;autres tiers uniquement si la soci\u00e9t\u00e9 est contrainte de le faire en vertu de ses obligations l\u00e9gales ou demande des autorit\u00e9s publiques (ex : autorit\u00e9s judiciaires).<\/p>\n\n\n\n<p>Cat &amp; Sly International peut \u00e9galement \u00eatre amen\u00e9e \u00e0 communiquer \u00e0 certaines professions r\u00e9glement\u00e9es telles qu\u2019avocats, notaires, commissaires aux comptes dans le cadre de l\u2019ex\u00e9cution de leur mandat ou directement \u00e0 des autorit\u00e9s judiciaires ou administratives en application des dispositions l\u00e9gales.<\/p>\n\n\n\n<p>&#8211; <strong>Entreprises partenaires :<\/strong><\/p>\n\n\n\n<p>Dans le cadre de notre activit\u00e9, nous pouvons \u00eatre amen\u00e9s \u00e0 transmettre vos donn\u00e9es \u00e0 des entreprises partenaires avec votre accord.<\/p>\n\n\n\n<p class=\"has-medium-font-size\">&#8211; <strong>Tiers \u00e0 Cat &amp; Sly International:<\/strong><\/p>\n\n\n\n<p>Nous pouvons \u00eatre amen\u00e9s \u00e0 transmettre vos donn\u00e9es dans le cadre d&#8217;une restructuration, d&#8217;une r\u00e9organisation ou d\u2019un transfert sous quelque forme et \u00e0 quelque titre que ce soit (notamment cession de fonds de commerce, dissolution, liquidation, fusion etc.) des entit\u00e9s du groupe V and B.<\/p>\n\n\n\n<h2 class=\"wp-block-heading\"><strong>5. combien de temps Cat &amp; Sly International conserve les donn\u00e9es ?<\/strong><\/h2>\n\n\n\n<p>Conform\u00e9ment \u00e0 l&#8217;article 5, e. du R\u00e8glement 2016\/679 du 27 avril 2016, les donn\u00e9es personnelles collect\u00e9es sont conserv\u00e9es, par Cat &amp; Sly International, sous une forme permettant l\u2019identification des personnes concern\u00e9es pendant une dur\u00e9e n\u2019exc\u00e9dant pas celle n\u00e9cessaire au regard des finalit\u00e9s pour lesquelles elles sont trait\u00e9es.<\/p>\n\n\n\n<p>Les donn\u00e9es de la base de prospection (ce compris l\u2019envoi des newsletters) sont conserv\u00e9es pendant 3 ans \u00e0 compter du dernier contact.<\/p>\n\n\n\n<p>Les donn\u00e9es de la base clients sont conserv\u00e9es pendant 3 ans suivant la fin de la relation contractuelle, puis dans une base interm\u00e9diaire aux fins de prescriptions l\u00e9gales.<\/p>\n\n\n\n<p>Les donn\u00e9es relatives aux cartes bancaires seront supprim\u00e9es une fois la transaction r\u00e9alis\u00e9e c\u2019est-\u00e0-dire d\u00e8s son paiement effectif, qui peut \u00eatre diff\u00e9r\u00e9 \u00e0 la r\u00e9ception du bien, augment\u00e9, le cas \u00e9ch\u00e9ant, du d\u00e9lai de r\u00e9tractation pr\u00e9vu pour les contrats conclus \u00e0 distance et hors \u00e9tablissement.<\/p>\n\n\n\n<p>Les donn\u00e9es collect\u00e9es dans le cadre de l\u2019enregistrement des appels (s\u2019il y a lieu) entrants et sortants sont conserv\u00e9es jusqu\u2019\u00e0 six mois au maximum. Les documents d\u2019analyse des enregistrements des conversations peuvent \u00eatre conserv\u00e9s jusqu\u2019\u00e0 un an.<\/p>\n\n\n\n<p>Les donn\u00e9es n\u00e9cessaires au respect d\u2019une obligation l\u00e9gale sont conserv\u00e9es conform\u00e9ment aux dispositions en vigueur (notamment mais non exclusivement celles pr\u00e9vues par le code de commerce, le code civil et le code de la consommation).<\/p>\n\n\n\n<h2 class=\"wp-block-heading\"><strong><strong>6. <u>Cat &amp; Sly International<\/u> r\u00e9alise-t-il des transferts de donn\u00e9es hors ue ?<\/strong><\/strong><\/h2>\n\n\n\n<p>Cat &amp; Sly International ne pr\u00e9voit aucun transfert de donn\u00e9es personnelles hors UE.<\/p>\n\n\n\n<p>N\u00e9anmoins certains prestataires techniques destinataires de vos donn\u00e9es personnelles pourront se situer en dehors de l&#8217;Espace Economique Europ\u00e9en comme les Etats-Unis.<\/p>\n\n\n\n<p>Par cons\u00e9quent, vos donn\u00e9es personnelles peuvent \u00eatre trait\u00e9es dans des pays qui ne sont pas reconnus comme offrant un niveau de protection ad\u00e9quat des donn\u00e9es personnelles conform\u00e9ment au R\u00e8glement (UE) 2016\/679 du Parlement europ\u00e9en et du Conseil du 27 avril 2016 relatif \u00e0 la protection des personnes physiques \u00e0 l&#8217;\u00e9gard du traitement des donn\u00e9es \u00e0 caract\u00e8re personnel et \u00e0 la libre circulation de ces donn\u00e9es.<\/p>\n\n\n\n<p>Cat &amp; Sly International exige le m\u00eame niveau de protection envers vos donn\u00e9es ainsi qu&#8217;une protection suffisante de vos donn\u00e9es telle qu&#8217;exig\u00e9e par toutes lois et tous r\u00e8glements applicables sur le territoire europ\u00e9en et s\u2019assure que ces prestataires sont soit li\u00e9s par les clauses types de la commission europ\u00e9enne, soit engag\u00e9s par des BCR (binding corporate rules) au sein de leur groupe international et ont \u00e9t\u00e9 d\u00fbment autoris\u00e9es par une autorit\u00e9 de contr\u00f4le de protection des donn\u00e9es \u00e9tablie sur le territoire de l\u2019UE, ou encore ont adh\u00e9r\u00e9 \u00e0 tout programme permettant la reconnaissance d\u2019une protection \u00e9quivalente au sein de leur pays. Cat &amp; Sly International proc\u00e8de \u00e9galement, en application de la jurisprudence europ\u00e9enne rendue en la mati\u00e8re, \u00e0 une analyse du niveau de protection de la vie priv\u00e9e dans les pays destinataires de vos donn\u00e9es situ\u00e9s hors de l\u2019Union Europ\u00e9enne. L\u2019internaute peut obtenir toute information sur ces garanties aupr\u00e8s du d\u00e9l\u00e9gu\u00e9 \u00e0 la protection des donn\u00e9es dont les coordonn\u00e9es sont indiqu\u00e9es aux pr\u00e9sentes ou sinon au si\u00e8ge social de l\u2019entreprise.<\/p>\n\n\n\n<h2 class=\"wp-block-heading\"><strong>7. quels sont vos droits ?<\/strong><\/h2>\n\n\n\n<p>Tout individu objet de traitements de donn\u00e9es \u00e0 caract\u00e8re personnel a la facult\u00e9 d\u2019exercer ses droits d\u2019acc\u00e8s, de rectification, d\u2019effacement, d\u2019opposition, portabilit\u00e9 de ses donn\u00e9es, limitation au traitement de ses donn\u00e9es conform\u00e9ment aux articles 15 et suivants du r\u00e8glement 2016\/679 du 27 avril 2016, retrait du consentement si le traitement est fond\u00e9 sur cette base, ainsi que d\u2019un droit de d\u00e9finir des directives post-mortem conform\u00e9ment \u00e0 l\u2019article 85-1 de la n\u00b078-17 du 6 janvier 1978 modifi\u00e9e relative \u00e0 l\u2019informatique, aux fichiers et aux libert\u00e9s.<\/p>\n\n\n\n<p>Ces droits peuvent \u00eatre exerc\u00e9s directement aupr\u00e8s de Cat &amp; Sly International. Conform\u00e9ment \u00e0 la r\u00e9glementation en vigueur, votre demande doit \u00eatre sign\u00e9e. Cat &amp; Sly International est susceptible de demander de justifier de l\u2019identit\u00e9 du demandeur. Vous pouvez envoyer votre demande par mail aupr\u00e8s de notre d\u00e9l\u00e9gu\u00e9 \u00e0 la protection des donn\u00e9es \u00e0 l\u2019adresse suivante : dpo[@]vandb.fr.<\/p>\n\n\n\n<p>Vous disposez \u00e9galement du droit d\u2019introduire un recours aupr\u00e8s de la CNIL.<\/p>\n\n\n\n<p>Derni\u00e8re actualisation : oct 2023<\/p>\n\n\n\n<h2 class=\"wp-block-heading\"><\/h2>\n","protected":false},"excerpt":{"rendered":"<p>Soucieux du respect des r\u00e8gles de vie priv\u00e9e des individus, la soci\u00e9t\u00e9 SAS Cat &amp; Sly International s\u2019engage \u00e0 respecter les dispositions de la loi n\u00b078-17 du 6 janvier 1978 modifi\u00e9e relative \u00e0 l\u2019informatique, aux fichiers et aux libert\u00e9s ainsi que du R\u00e8glement 679\/2016 du 27 avril 2016 relatif \u00e0 la protection des donn\u00e9es (RGPD). [&hellip;]<\/p>\n","protected":false},"author":1,"featured_media":0,"parent":0,"menu_order":0,"comment_status":"closed","ping_status":"closed","template":"","meta":{"om_disable_all_campaigns":false,"_mi_skip_tracking":false,"_monsterinsights_sitenote_active":false,"_monsterinsights_sitenote_note":"","_monsterinsights_sitenote_category":0,"footnotes":""},"yoast_head":"<!-- This site is optimized with the Yoast SEO plugin v21.5 - https:\/\/yoast.com\/wordpress\/plugins\/seo\/ -->\n<title>Politique de confidentialit\u00e9 - Cat &amp; Sly International<\/title>\n<meta name=\"robots\" content=\"index, follow, max-snippet:-1, max-image-preview:large, max-video-preview:-1\" \/>\n<link rel=\"canonical\" href=\"https:\/\/cat-sly.com\/?page_id=6116\" \/>\n<meta property=\"og:locale\" content=\"fr_FR\" \/>\n<meta property=\"og:type\" content=\"article\" \/>\n<meta property=\"og:title\" content=\"Politique de confidentialit\u00e9 - Cat &amp; Sly International\" \/>\n<meta property=\"og:description\" content=\"Soucieux du respect des r\u00e8gles de vie priv\u00e9e des individus, la soci\u00e9t\u00e9 SAS Cat &amp; Sly International s\u2019engage \u00e0 respecter les dispositions de la loi n\u00b078-17 du 6 janvier 1978 modifi\u00e9e relative \u00e0 l\u2019informatique, aux fichiers et aux libert\u00e9s ainsi que du R\u00e8glement 679\/2016 du 27 avril 2016 relatif \u00e0 la protection des donn\u00e9es (RGPD). [&hellip;]\" \/>\n<meta property=\"og:url\" content=\"https:\/\/cat-sly.com\/?page_id=6116\" \/>\n<meta property=\"og:site_name\" content=\"Cat &amp; Sly International\" \/>\n<meta property=\"article:publisher\" content=\"https:\/\/www.facebook.com\/CatSlyInt\" \/>\n<meta property=\"article:modified_time\" content=\"2023-10-23T15:09:16+00:00\" \/>\n<meta name=\"twitter:card\" content=\"summary_large_image\" \/>\n<meta name=\"twitter:label1\" content=\"Dur\u00e9e de lecture estim\u00e9e\" \/>\n\t<meta name=\"twitter:data1\" content=\"8 minutes\" \/>\n<script type=\"application\/ld+json\" class=\"yoast-schema-graph\">{\"@context\":\"https:\/\/schema.org\",\"@graph\":[{\"@type\":\"WebPage\",\"@id\":\"https:\/\/cat-sly.com\/?page_id=6116\",\"url\":\"https:\/\/cat-sly.com\/?page_id=6116\",\"name\":\"Politique de confidentialit\u00e9 - Cat &amp; Sly International\",\"isPartOf\":{\"@id\":\"https:\/\/cat-sly.com\/#website\"},\"datePublished\":\"2023-10-23T13:46:36+00:00\",\"dateModified\":\"2023-10-23T15:09:16+00:00\",\"breadcrumb\":{\"@id\":\"https:\/\/cat-sly.com\/?page_id=6116#breadcrumb\"},\"inLanguage\":\"fr-FR\",\"potentialAction\":[{\"@type\":\"ReadAction\",\"target\":[\"https:\/\/cat-sly.com\/?page_id=6116\"]}]},{\"@type\":\"BreadcrumbList\",\"@id\":\"https:\/\/cat-sly.com\/?page_id=6116#breadcrumb\",\"itemListElement\":[{\"@type\":\"ListItem\",\"position\":1,\"name\":\"Home\",\"item\":\"https:\/\/cat-sly.com\/\"},{\"@type\":\"ListItem\",\"position\":2,\"name\":\"Politique de confidentialit\u00e9\"}]},{\"@type\":\"WebSite\",\"@id\":\"https:\/\/cat-sly.com\/#website\",\"url\":\"https:\/\/cat-sly.com\/\",\"name\":\"Cat & Sly International\",\"description\":\"Un Go\u00fbt Nordique\",\"publisher\":{\"@id\":\"https:\/\/cat-sly.com\/#organization\"},\"potentialAction\":[{\"@type\":\"SearchAction\",\"target\":{\"@type\":\"EntryPoint\",\"urlTemplate\":\"https:\/\/cat-sly.com\/?s={search_term_string}\"},\"query-input\":\"required name=search_term_string\"}],\"inLanguage\":\"fr-FR\"},{\"@type\":\"Organization\",\"@id\":\"https:\/\/cat-sly.com\/#organization\",\"name\":\"Cat & Sly International\",\"url\":\"https:\/\/cat-sly.com\/\",\"logo\":{\"@type\":\"ImageObject\",\"inLanguage\":\"fr-FR\",\"@id\":\"https:\/\/cat-sly.com\/#\/schema\/logo\/image\/\",\"url\":\"https:\/\/cat-sly.com\/wp-content\/uploads\/2022\/09\/cropped-logopriginal_catsly.png\",\"contentUrl\":\"https:\/\/cat-sly.com\/wp-content\/uploads\/2022\/09\/cropped-logopriginal_catsly.png\",\"width\":1004,\"height\":1005,\"caption\":\"Cat & Sly International\"},\"image\":{\"@id\":\"https:\/\/cat-sly.com\/#\/schema\/logo\/image\/\"},\"sameAs\":[\"https:\/\/www.facebook.com\/CatSlyInt\",\"https:\/\/www.instagram.com\/cat_sly_international\"]}]}<\/script>\n<!-- \/ Yoast SEO plugin. -->","yoast_head_json":{"title":"Politique de confidentialit\u00e9 - Cat &amp; Sly International","robots":{"index":"index","follow":"follow","max-snippet":"max-snippet:-1","max-image-preview":"max-image-preview:large","max-video-preview":"max-video-preview:-1"},"canonical":"https:\/\/cat-sly.com\/?page_id=6116","og_locale":"fr_FR","og_type":"article","og_title":"Politique de confidentialit\u00e9 - Cat &amp; Sly International","og_description":"Soucieux du respect des r\u00e8gles de vie priv\u00e9e des individus, la soci\u00e9t\u00e9 SAS Cat &amp; Sly International s\u2019engage \u00e0 respecter les dispositions de la loi n\u00b078-17 du 6 janvier 1978 modifi\u00e9e relative \u00e0 l\u2019informatique, aux fichiers et aux libert\u00e9s ainsi que du R\u00e8glement 679\/2016 du 27 avril 2016 relatif \u00e0 la protection des donn\u00e9es (RGPD). [&hellip;]","og_url":"https:\/\/cat-sly.com\/?page_id=6116","og_site_name":"Cat &amp; Sly International","article_publisher":"https:\/\/www.facebook.com\/CatSlyInt","article_modified_time":"2023-10-23T15:09:16+00:00","twitter_card":"summary_large_image","twitter_misc":{"Dur\u00e9e de lecture estim\u00e9e":"8 minutes"},"schema":{"@context":"https:\/\/schema.org","@graph":[{"@type":"WebPage","@id":"https:\/\/cat-sly.com\/?page_id=6116","url":"https:\/\/cat-sly.com\/?page_id=6116","name":"Politique de confidentialit\u00e9 - Cat &amp; Sly International","isPartOf":{"@id":"https:\/\/cat-sly.com\/#website"},"datePublished":"2023-10-23T13:46:36+00:00","dateModified":"2023-10-23T15:09:16+00:00","breadcrumb":{"@id":"https:\/\/cat-sly.com\/?page_id=6116#breadcrumb"},"inLanguage":"fr-FR","potentialAction":[{"@type":"ReadAction","target":["https:\/\/cat-sly.com\/?page_id=6116"]}]},{"@type":"BreadcrumbList","@id":"https:\/\/cat-sly.com\/?page_id=6116#breadcrumb","itemListElement":[{"@type":"ListItem","position":1,"name":"Home","item":"https:\/\/cat-sly.com\/"},{"@type":"ListItem","position":2,"name":"Politique de confidentialit\u00e9"}]},{"@type":"WebSite","@id":"https:\/\/cat-sly.com\/#website","url":"https:\/\/cat-sly.com\/","name":"Cat & Sly International","description":"Un Go\u00fbt Nordique","publisher":{"@id":"https:\/\/cat-sly.com\/#organization"},"potentialAction":[{"@type":"SearchAction","target":{"@type":"EntryPoint","urlTemplate":"https:\/\/cat-sly.com\/?s={search_term_string}"},"query-input":"required name=search_term_string"}],"inLanguage":"fr-FR"},{"@type":"Organization","@id":"https:\/\/cat-sly.com\/#organization","name":"Cat & Sly International","url":"https:\/\/cat-sly.com\/","logo":{"@type":"ImageObject","inLanguage":"fr-FR","@id":"https:\/\/cat-sly.com\/#\/schema\/logo\/image\/","url":"https:\/\/cat-sly.com\/wp-content\/uploads\/2022\/09\/cropped-logopriginal_catsly.png","contentUrl":"https:\/\/cat-sly.com\/wp-content\/uploads\/2022\/09\/cropped-logopriginal_catsly.png","width":1004,"height":1005,"caption":"Cat & Sly International"},"image":{"@id":"https:\/\/cat-sly.com\/#\/schema\/logo\/image\/"},"sameAs":["https:\/\/www.facebook.com\/CatSlyInt","https:\/\/www.instagram.com\/cat_sly_international"]}]}},"jetpack_sharing_enabled":true,"_links":{"self":[{"href":"https:\/\/cat-sly.com\/index.php?rest_route=\/wp\/v2\/pages\/6116"}],"collection":[{"href":"https:\/\/cat-sly.com\/index.php?rest_route=\/wp\/v2\/pages"}],"about":[{"href":"https:\/\/cat-sly.com\/index.php?rest_route=\/wp\/v2\/types\/page"}],"author":[{"embeddable":true,"href":"https:\/\/cat-sly.com\/index.php?rest_route=\/wp\/v2\/users\/1"}],"replies":[{"embeddable":true,"href":"https:\/\/cat-sly.com\/index.php?rest_route=%2Fwp%2Fv2%2Fcomments&post=6116"}],"version-history":[{"count":3,"href":"https:\/\/cat-sly.com\/index.php?rest_route=\/wp\/v2\/pages\/6116\/revisions"}],"predecessor-version":[{"id":6303,"href":"https:\/\/cat-sly.com\/index.php?rest_route=\/wp\/v2\/pages\/6116\/revisions\/6303"}],"wp:attachment":[{"href":"https:\/\/cat-sly.com\/index.php?rest_route=%2Fwp%2Fv2%2Fmedia&parent=6116"}],"curies":[{"name":"wp","href":"https:\/\/api.w.org\/{rel}","templated":true}]}}