{"id":6332,"date":"2023-10-23T16:05:55","date_gmt":"2023-10-23T15:05:55","guid":{"rendered":"https:\/\/cat-sly.com\/?page_id=6332"},"modified":"2023-10-23T16:08:09","modified_gmt":"2023-10-23T15:08:09","slug":"politique-des-cookies","status":"publish","type":"page","link":"https:\/\/cat-sly.com\/?page_id=6332","title":{"rendered":"Politique des cookies"},"content":{"rendered":"\n<h2 class=\"wp-block-heading\"><strong>Cookies et autres technologies web<\/strong><\/h2>\n\n\n\n<p>Afin de personnaliser au mieux notre offre de produits et services et pour vous assurer un confort de navigation, nous vous informons que notre site Internet cat-sly.com fonctionne avec des cookies.<\/p>\n\n\n\n<p>D\u00e9finition des cookies : Il s\u2019agit d\u2019un petit bloc de donn\u00e9es stock\u00e9 sur votre ordinateur et li\u00e9 \u00e0 des informations vous concernant.<\/p>\n\n\n\n<p>Nous collectons certaines donn\u00e9es vous concernant et concernant votre ordinateur lorsque vous visitez notre Site Internet. Les donn\u00e9es collect\u00e9es sont par exemple, nous collecterons votre adresse IP, le nom de votre navigateur Web (tels que Firefox, Internet Explorer ou Safari) et le site Internet r\u00e9f\u00e9rant ou encore des informations sur votre activit\u00e9 en ligne, tels que les produits visualis\u00e9s et les achats effectu\u00e9s.<\/p>\n\n\n\n<p>Nous ne stockons pas d\u2019informations personnelles sensibles telles que votre mot de passe, votre adresse, vos informations bancaires, etc. dans les cookies que nous utilisons. Nous ne revendons pas les informations r\u00e9cup\u00e9r\u00e9es gr\u00e2ce aux cookies. Celles-ci ne servent qu\u2019au Site Internet.<\/p>\n\n\n\n<h2 class=\"wp-block-heading\"><strong>Quels types de &#8220;cookies&#8221; ce site utilise-t-il ?<\/strong><\/h2>\n\n\n\n<p>Ce site Web utilise diff\u00e9rents types de cookies :<\/p>\n\n\n\n<p>&#8211; Les cookies techniques qui sont indispensables au fonctionnement du site ;&nbsp;<\/p>\n\n\n\n<p>Les Cookies de fonctionnement sont d\u00e9pos\u00e9s sur la base de notre int\u00e9r\u00eat l\u00e9gitime. Il vous est possible de param\u00e9trer votre terminal (ordinateur, tablette, mobile) afin qu\u2019il accepte ou refuse certains cookies. Vous \u00eates inform\u00e9s qu\u2019en refusant le d\u00e9p\u00f4t de cookies de fonctionnement, certains \u00e9l\u00e9ments du Site ne fonctionneront pas ou ne fonctionneront pas de fa\u00e7on optimale.<\/p>\n\n\n\n<p>&#8211; Les cookies de mesure d\u2019audience et de personnalisation de contenu qui nous permettent d\u2019observer la fa\u00e7on dont les visiteurs naviguent sur le Site Internet et de d\u00e9terminer le contenu qu\u2019ils consultent et qui les int\u00e9resse. Ils nous aident \u00e0 am\u00e9liorer le service que nous vous proposons en nous permettant de veiller \u00e0 ce que nos utilisateurs trouvent l\u2019information qu\u2019ils recherchent.<\/p>\n\n\n\n<p>Le d\u00e9p\u00f4t de ces cookies est soumis \u00e0 l\u2019obtention de votre consentement pr\u00e9alable.<\/p>\n\n\n\n<p>&#8211; Les cookies sociaux qui sont utilis\u00e9s par les r\u00e9seaux sociaux (Facebook, Google, Twitter et Youtube) afin de contr\u00f4ler les interactions avec les widgets sociaux figurant sur le site Internet.<\/p>\n\n\n\n<p>Ces Cookies sont d\u00e9pos\u00e9s par le fournisseur de r\u00e9seau social gr\u00e2ce \u00e0 l\u2019insertion d\u2019un module (\u00ab plug-in \u00bb) sur le Site. Le d\u00e9p\u00f4t de cookies de partage de r\u00e9seaux sociaux est soumis \u00e0 l\u2019obtention de votre consentement pr\u00e9alable.<\/p>\n\n\n\n<p>Si vous interagissez au moyen des plug-ins r\u00e9seaux sociaux, par exemple en cliquant sur le bouton \u00ab J\u2019aime \u00bb ou en laissant un commentaire, les informations correspondantes seront transmises et enregistr\u00e9es sur le serveur du r\u00e9seau social. De plus, par exemple, si vous \u00eates connect\u00e9 \u00e0 un r\u00e9seau social lors de votre navigation sur le Site, le r\u00e9seau social pourra directement relier sa visite \u00e0 votre compte utilisateur dudit r\u00e9seau social m\u00eame si vous n\u2019avez pas utilis\u00e9 le bouton de partage.<\/p>\n\n\n\n<p>Si vous ne souhaitez pas que le r\u00e9seau social relie les informations collect\u00e9es par l\u2019interm\u00e9diaire de notre Site \u00e0 son compte utilisateur R\u00e9seau Social, vous devez vous d\u00e9connecter du r\u00e9seau social avant de consulter le Site.<\/p>\n\n\n\n<p>&#8211; Les cookies publicitaires li\u00e9s au comportement qui recueillent des informations sur vos pr\u00e9f\u00e9rences et vos choix associ\u00e9s au Site Internet. Ils ciblent les r\u00e9seaux publicitaires, qui les utilisent ensuite pour vous pr\u00e9senter des publicit\u00e9s personnalis\u00e9es sur d\u2019autres sites internet.<\/p>\n\n\n\n<p>Le d\u00e9p\u00f4t de cookies publicitaires est soumis \u00e0 l\u2019obtention de votre consentement pr\u00e9alable.<\/p>\n\n\n\n<p>D\u2019autres cookies sont \u00e9mis et exploit\u00e9s par des partenaires tiers pour des finalit\u00e9s que ces tiers d\u00e9terminent. En autorisant le d\u00e9p\u00f4t de ces cookies tiers, Nous agissons en qualit\u00e9 de co-responsable de traitement avec lesdits partenaires. N\u00e9anmoins, les traitements ult\u00e9rieurs r\u00e9alis\u00e9s par le partenaire tiers, impliquant le traitement de donn\u00e9es \u00e0 caract\u00e8re personnel, se font sous leur propre responsabilit\u00e9, conform\u00e9ment \u00e0 leur propre politique de protection des donn\u00e9es. Vous trouverez plus d\u2019informations sur les finalit\u00e9s des Cookies d\u00e9pos\u00e9es par des tiers, en lisant les politiques de confidentialit\u00e9 de ces partenaires, qui sont en lien dans l\u2019outil de gestion des cookies disponible \u00e0 tout moment sur le Site.<\/p>\n\n\n\n<p><strong>Dur\u00e9e de vie des cookies<\/strong><\/p>\n\n\n\n<p>Les cookies ont une dur\u00e9e de vie de treize (13) mois \u00e0 compter du premier d\u00e9p\u00f4t dans l&#8217;\u00e9quipement de votre terminal.<\/p>\n\n\n\n<p>La dur\u00e9e de validit\u00e9 des cookies a \u00e9t\u00e9 d\u00e9finie au regard de nos besoins marketing et \u00e9ditoriaux (analyse des taux d\u2019audience et de performance) pour vous proposer des contenus toujours plus pertinents d\u2019ann\u00e9e en ann\u00e9e.<\/p>\n\n\n\n<p>En cas de refus, votre choix est conserv\u00e9 le temps de la session. Votre consentement vous sera \u00e0 nouveau demand\u00e9 lors de votre prochaine connexion au Site Internet.<\/p>\n\n\n\n<h2 class=\"wp-block-heading\"><strong>Comment param\u00e9trer l&#8217;enregistrement des &#8220;cookies&#8221; ?<\/strong><\/h2>\n\n\n\n<p>Vous disposez de plusieurs options pour supprimer et g\u00e9rer les cookies et autres traceurs.<\/p>\n\n\n\n<p>Lors de votre premi\u00e8re visite sur le Site Internet, un bandeau vous informe de la pr\u00e9sence de ces cookies et vous invite \u00e0 indiquer votre choix. Ils ne sont d\u00e9pos\u00e9s que si vous les acceptez ou que vous poursuivez votre navigation sur le Site.<\/p>\n\n\n\n<p>Vous pouvez \u00e0 tout moment choisir de d\u00e9sactiver ces cookies en param\u00e9trant vos cookies pour les accepter ou les refuser en cliquant sur le logo en bas \u00e0 gauche du Site.<\/p>\n\n\n\n<p>Il vous est \u00e9galement possible de param\u00e9trer votre ordinateur afin qu\u2019il accepte ou refuse certains cookies. En effet, si la plupart des navigateurs sont param\u00e9tr\u00e9s par d\u00e9faut et acceptent l\u2019installation de cookies, vous avez la possibilit\u00e9, si vous le souhaitez, de choisir d\u2019accepter tous les cookies, de les rejeter syst\u00e9matiquement ou encore de choisir ceux que vous acceptez selon leur \u00e9metteur. Vous pouvez \u00e9galement r\u00e9guli\u00e8rement supprimer les cookies de votre terminal via votre navigateur.<\/p>\n\n\n\n<p>N\u2019oubliez pas cependant de param\u00e9trer l\u2019ensemble des navigateurs de vos diff\u00e9rents terminaux (tablettes, smartphones, ordinateurs\u2026).<\/p>\n\n\n\n<p>Pour la gestion des cookies et de vos choix, la configuration de chaque navigateur est diff\u00e9rente. Elle est d\u00e9crite dans le menu d\u2019aide de votre navigateur, qui vous permettra de savoir de quelle mani\u00e8re modifier vos souhaits en mati\u00e8re de cookies.<\/p>\n\n\n\n<p>Nous attirons toutefois votre attention sur le fait qu\u2019en param\u00e9trant votre navigateur pour refuser les cookies, certaines fonctionnalit\u00e9s, pages, espaces du Site ne seront pas accessibles, ce dont nous ne saurions \u00eatre responsables.<\/p>\n\n\n\n<p>Vous pouvez \u00e9galement utiliser une plateforme de gestion de cookies. Vous pouvez d\u00e9cider de refuser la publicit\u00e9 comportementale en utilisant l&#8217;outil fourni sur ce site. Les cookies d\u00e9pos\u00e9s en cas d&#8217;utilisation des boutons de partage sont \u00e9galement inclus dans cette plateforme.<\/p>\n\n\n\n<p>Derni\u00e8re actualisation : Octobre 2023<\/p>\n","protected":false},"excerpt":{"rendered":"<p>Cookies et autres technologies web Afin de personnaliser au mieux notre offre de produits et services et pour vous assurer un confort de navigation, nous vous informons que notre site Internet cat-sly.com fonctionne avec des cookies. D\u00e9finition des cookies : Il s\u2019agit d\u2019un petit bloc de donn\u00e9es stock\u00e9 sur votre ordinateur et li\u00e9 \u00e0 des [&hellip;]<\/p>\n","protected":false},"author":1,"featured_media":0,"parent":0,"menu_order":0,"comment_status":"closed","ping_status":"closed","template":"","meta":{"om_disable_all_campaigns":false,"_mi_skip_tracking":false,"_monsterinsights_sitenote_active":false,"_monsterinsights_sitenote_note":"","_monsterinsights_sitenote_category":0,"footnotes":""},"yoast_head":"<!-- This site is optimized with the Yoast SEO plugin v21.5 - https:\/\/yoast.com\/wordpress\/plugins\/seo\/ -->\n<title>Politique des cookies - Cat &amp; Sly International<\/title>\n<meta name=\"robots\" content=\"index, follow, max-snippet:-1, max-image-preview:large, max-video-preview:-1\" \/>\n<link rel=\"canonical\" href=\"https:\/\/cat-sly.com\/?page_id=6332\" \/>\n<meta property=\"og:locale\" content=\"fr_FR\" \/>\n<meta property=\"og:type\" content=\"article\" \/>\n<meta property=\"og:title\" content=\"Politique des cookies - Cat &amp; Sly International\" \/>\n<meta property=\"og:description\" content=\"Cookies et autres technologies web Afin de personnaliser au mieux notre offre de produits et services et pour vous assurer un confort de navigation, nous vous informons que notre site Internet cat-sly.com fonctionne avec des cookies. D\u00e9finition des cookies : Il s\u2019agit d\u2019un petit bloc de donn\u00e9es stock\u00e9 sur votre ordinateur et li\u00e9 \u00e0 des [&hellip;]\" \/>\n<meta property=\"og:url\" content=\"https:\/\/cat-sly.com\/?page_id=6332\" \/>\n<meta property=\"og:site_name\" content=\"Cat &amp; Sly International\" \/>\n<meta property=\"article:publisher\" content=\"https:\/\/www.facebook.com\/CatSlyInt\" \/>\n<meta property=\"article:modified_time\" content=\"2023-10-23T15:08:09+00:00\" \/>\n<meta name=\"twitter:card\" content=\"summary_large_image\" \/>\n<meta name=\"twitter:label1\" content=\"Dur\u00e9e de lecture estim\u00e9e\" \/>\n\t<meta name=\"twitter:data1\" content=\"5 minutes\" \/>\n<script type=\"application\/ld+json\" class=\"yoast-schema-graph\">{\"@context\":\"https:\/\/schema.org\",\"@graph\":[{\"@type\":\"WebPage\",\"@id\":\"https:\/\/cat-sly.com\/?page_id=6332\",\"url\":\"https:\/\/cat-sly.com\/?page_id=6332\",\"name\":\"Politique des cookies - Cat &amp; Sly International\",\"isPartOf\":{\"@id\":\"https:\/\/cat-sly.com\/#website\"},\"datePublished\":\"2023-10-23T15:05:55+00:00\",\"dateModified\":\"2023-10-23T15:08:09+00:00\",\"breadcrumb\":{\"@id\":\"https:\/\/cat-sly.com\/?page_id=6332#breadcrumb\"},\"inLanguage\":\"fr-FR\",\"potentialAction\":[{\"@type\":\"ReadAction\",\"target\":[\"https:\/\/cat-sly.com\/?page_id=6332\"]}]},{\"@type\":\"BreadcrumbList\",\"@id\":\"https:\/\/cat-sly.com\/?page_id=6332#breadcrumb\",\"itemListElement\":[{\"@type\":\"ListItem\",\"position\":1,\"name\":\"Home\",\"item\":\"https:\/\/cat-sly.com\/\"},{\"@type\":\"ListItem\",\"position\":2,\"name\":\"Politique des cookies\"}]},{\"@type\":\"WebSite\",\"@id\":\"https:\/\/cat-sly.com\/#website\",\"url\":\"https:\/\/cat-sly.com\/\",\"name\":\"Cat & Sly International\",\"description\":\"Un Go\u00fbt Nordique\",\"publisher\":{\"@id\":\"https:\/\/cat-sly.com\/#organization\"},\"potentialAction\":[{\"@type\":\"SearchAction\",\"target\":{\"@type\":\"EntryPoint\",\"urlTemplate\":\"https:\/\/cat-sly.com\/?s={search_term_string}\"},\"query-input\":\"required name=search_term_string\"}],\"inLanguage\":\"fr-FR\"},{\"@type\":\"Organization\",\"@id\":\"https:\/\/cat-sly.com\/#organization\",\"name\":\"Cat & Sly International\",\"url\":\"https:\/\/cat-sly.com\/\",\"logo\":{\"@type\":\"ImageObject\",\"inLanguage\":\"fr-FR\",\"@id\":\"https:\/\/cat-sly.com\/#\/schema\/logo\/image\/\",\"url\":\"https:\/\/cat-sly.com\/wp-content\/uploads\/2022\/09\/cropped-logopriginal_catsly.png\",\"contentUrl\":\"https:\/\/cat-sly.com\/wp-content\/uploads\/2022\/09\/cropped-logopriginal_catsly.png\",\"width\":1004,\"height\":1005,\"caption\":\"Cat & Sly International\"},\"image\":{\"@id\":\"https:\/\/cat-sly.com\/#\/schema\/logo\/image\/\"},\"sameAs\":[\"https:\/\/www.facebook.com\/CatSlyInt\",\"https:\/\/www.instagram.com\/cat_sly_international\"]}]}<\/script>\n<!-- \/ Yoast SEO plugin. -->","yoast_head_json":{"title":"Politique des cookies - Cat &amp; Sly International","robots":{"index":"index","follow":"follow","max-snippet":"max-snippet:-1","max-image-preview":"max-image-preview:large","max-video-preview":"max-video-preview:-1"},"canonical":"https:\/\/cat-sly.com\/?page_id=6332","og_locale":"fr_FR","og_type":"article","og_title":"Politique des cookies - Cat &amp; Sly International","og_description":"Cookies et autres technologies web Afin de personnaliser au mieux notre offre de produits et services et pour vous assurer un confort de navigation, nous vous informons que notre site Internet cat-sly.com fonctionne avec des cookies. D\u00e9finition des cookies : Il s\u2019agit d\u2019un petit bloc de donn\u00e9es stock\u00e9 sur votre ordinateur et li\u00e9 \u00e0 des [&hellip;]","og_url":"https:\/\/cat-sly.com\/?page_id=6332","og_site_name":"Cat &amp; Sly International","article_publisher":"https:\/\/www.facebook.com\/CatSlyInt","article_modified_time":"2023-10-23T15:08:09+00:00","twitter_card":"summary_large_image","twitter_misc":{"Dur\u00e9e de lecture estim\u00e9e":"5 minutes"},"schema":{"@context":"https:\/\/schema.org","@graph":[{"@type":"WebPage","@id":"https:\/\/cat-sly.com\/?page_id=6332","url":"https:\/\/cat-sly.com\/?page_id=6332","name":"Politique des cookies - Cat &amp; Sly International","isPartOf":{"@id":"https:\/\/cat-sly.com\/#website"},"datePublished":"2023-10-23T15:05:55+00:00","dateModified":"2023-10-23T15:08:09+00:00","breadcrumb":{"@id":"https:\/\/cat-sly.com\/?page_id=6332#breadcrumb"},"inLanguage":"fr-FR","potentialAction":[{"@type":"ReadAction","target":["https:\/\/cat-sly.com\/?page_id=6332"]}]},{"@type":"BreadcrumbList","@id":"https:\/\/cat-sly.com\/?page_id=6332#breadcrumb","itemListElement":[{"@type":"ListItem","position":1,"name":"Home","item":"https:\/\/cat-sly.com\/"},{"@type":"ListItem","position":2,"name":"Politique des cookies"}]},{"@type":"WebSite","@id":"https:\/\/cat-sly.com\/#website","url":"https:\/\/cat-sly.com\/","name":"Cat & Sly International","description":"Un Go\u00fbt Nordique","publisher":{"@id":"https:\/\/cat-sly.com\/#organization"},"potentialAction":[{"@type":"SearchAction","target":{"@type":"EntryPoint","urlTemplate":"https:\/\/cat-sly.com\/?s={search_term_string}"},"query-input":"required name=search_term_string"}],"inLanguage":"fr-FR"},{"@type":"Organization","@id":"https:\/\/cat-sly.com\/#organization","name":"Cat & Sly International","url":"https:\/\/cat-sly.com\/","logo":{"@type":"ImageObject","inLanguage":"fr-FR","@id":"https:\/\/cat-sly.com\/#\/schema\/logo\/image\/","url":"https:\/\/cat-sly.com\/wp-content\/uploads\/2022\/09\/cropped-logopriginal_catsly.png","contentUrl":"https:\/\/cat-sly.com\/wp-content\/uploads\/2022\/09\/cropped-logopriginal_catsly.png","width":1004,"height":1005,"caption":"Cat & Sly International"},"image":{"@id":"https:\/\/cat-sly.com\/#\/schema\/logo\/image\/"},"sameAs":["https:\/\/www.facebook.com\/CatSlyInt","https:\/\/www.instagram.com\/cat_sly_international"]}]}},"jetpack_sharing_enabled":true,"_links":{"self":[{"href":"https:\/\/cat-sly.com\/index.php?rest_route=\/wp\/v2\/pages\/6332"}],"collection":[{"href":"https:\/\/cat-sly.com\/index.php?rest_route=\/wp\/v2\/pages"}],"about":[{"href":"https:\/\/cat-sly.com\/index.php?rest_route=\/wp\/v2\/types\/page"}],"author":[{"embeddable":true,"href":"https:\/\/cat-sly.com\/index.php?rest_route=\/wp\/v2\/users\/1"}],"replies":[{"embeddable":true,"href":"https:\/\/cat-sly.com\/index.php?rest_route=%2Fwp%2Fv2%2Fcomments&post=6332"}],"version-history":[{"count":2,"href":"https:\/\/cat-sly.com\/index.php?rest_route=\/wp\/v2\/pages\/6332\/revisions"}],"predecessor-version":[{"id":6334,"href":"https:\/\/cat-sly.com\/index.php?rest_route=\/wp\/v2\/pages\/6332\/revisions\/6334"}],"wp:attachment":[{"href":"https:\/\/cat-sly.com\/index.php?rest_route=%2Fwp%2Fv2%2Fmedia&parent=6332"}],"curies":[{"name":"wp","href":"https:\/\/api.w.org\/{rel}","templated":true}]}}