{"id":6336,"date":"2023-10-23T16:11:19","date_gmt":"2023-10-23T15:11:19","guid":{"rendered":"https:\/\/cat-sly.com\/?page_id=6336"},"modified":"2023-10-23T16:11:30","modified_gmt":"2023-10-23T15:11:30","slug":"mentions-legales","status":"publish","type":"page","link":"https:\/\/cat-sly.com\/?page_id=6336","title":{"rendered":"Mentions L\u00e9gales"},"content":{"rendered":"\n<h2 class=\"wp-block-heading\"><strong>\u00c9diteur<\/strong><\/h2>\n\n\n\n<p>SAS Cat &amp; Sly international au capital de 1000 \u20ac<\/p>\n\n\n\n<p>RCS Laval : 912 618 121<\/p>\n\n\n\n<p>Code APE : 4791B<\/p>\n\n\n\n<p>Si\u00e8ge social : 17 All\u00e9e Jacque Bossuet \u00e0 Gujan-Mestras en France<\/p>\n\n\n\n<h2 class=\"wp-block-heading\"><strong>H\u00e9bergement<\/strong><\/h2>\n\n\n\n<p><a href=\"https:\/\/www.hostinger.fr\/\">https:\/\/www.hostinger.fr\/<\/a> et r\u00e9alisation par Cathrine Suzeau de SAS Cat &amp; Sly international<\/p>\n","protected":false},"excerpt":{"rendered":"<p>\u00c9diteur SAS Cat &amp; Sly international au capital de 1000 \u20ac RCS Laval : 912 618 121 Code APE : 4791B Si\u00e8ge social : 17 All\u00e9e Jacque Bossuet \u00e0 Gujan-Mestras en France H\u00e9bergement https:\/\/www.hostinger.fr\/ et r\u00e9alisation par Cathrine Suzeau de SAS Cat &amp; Sly international<\/p>\n","protected":false},"author":1,"featured_media":0,"parent":0,"menu_order":0,"comment_status":"closed","ping_status":"closed","template":"","meta":{"om_disable_all_campaigns":false,"_mi_skip_tracking":false,"_monsterinsights_sitenote_active":false,"_monsterinsights_sitenote_note":"","_monsterinsights_sitenote_category":0,"footnotes":""},"yoast_head":"<!-- This site is optimized with the Yoast SEO plugin v21.5 - https:\/\/yoast.com\/wordpress\/plugins\/seo\/ -->\n<title>Mentions L\u00e9gales - Cat &amp; Sly International<\/title>\n<meta name=\"robots\" content=\"index, follow, max-snippet:-1, max-image-preview:large, max-video-preview:-1\" \/>\n<link rel=\"canonical\" href=\"https:\/\/cat-sly.com\/?page_id=6336\" \/>\n<meta property=\"og:locale\" content=\"fr_FR\" \/>\n<meta property=\"og:type\" content=\"article\" \/>\n<meta property=\"og:title\" content=\"Mentions L\u00e9gales - Cat &amp; Sly International\" \/>\n<meta property=\"og:description\" content=\"\u00c9diteur SAS Cat &amp; Sly international au capital de 1000 \u20ac RCS Laval : 912 618 121 Code APE : 4791B Si\u00e8ge social : 17 All\u00e9e Jacque Bossuet \u00e0 Gujan-Mestras en France H\u00e9bergement https:\/\/www.hostinger.fr\/ et r\u00e9alisation par Cathrine Suzeau de SAS Cat &amp; Sly international\" \/>\n<meta property=\"og:url\" content=\"https:\/\/cat-sly.com\/?page_id=6336\" \/>\n<meta property=\"og:site_name\" content=\"Cat &amp; Sly International\" \/>\n<meta property=\"article:publisher\" content=\"https:\/\/www.facebook.com\/CatSlyInt\" \/>\n<meta property=\"article:modified_time\" content=\"2023-10-23T15:11:30+00:00\" \/>\n<meta name=\"twitter:card\" content=\"summary_large_image\" \/>\n<meta name=\"twitter:label1\" content=\"Dur\u00e9e de lecture estim\u00e9e\" \/>\n\t<meta name=\"twitter:data1\" content=\"1 minute\" \/>\n<script type=\"application\/ld+json\" class=\"yoast-schema-graph\">{\"@context\":\"https:\/\/schema.org\",\"@graph\":[{\"@type\":\"WebPage\",\"@id\":\"https:\/\/cat-sly.com\/?page_id=6336\",\"url\":\"https:\/\/cat-sly.com\/?page_id=6336\",\"name\":\"Mentions L\u00e9gales - Cat &amp; Sly International\",\"isPartOf\":{\"@id\":\"https:\/\/cat-sly.com\/#website\"},\"datePublished\":\"2023-10-23T15:11:19+00:00\",\"dateModified\":\"2023-10-23T15:11:30+00:00\",\"breadcrumb\":{\"@id\":\"https:\/\/cat-sly.com\/?page_id=6336#breadcrumb\"},\"inLanguage\":\"fr-FR\",\"potentialAction\":[{\"@type\":\"ReadAction\",\"target\":[\"https:\/\/cat-sly.com\/?page_id=6336\"]}]},{\"@type\":\"BreadcrumbList\",\"@id\":\"https:\/\/cat-sly.com\/?page_id=6336#breadcrumb\",\"itemListElement\":[{\"@type\":\"ListItem\",\"position\":1,\"name\":\"Home\",\"item\":\"https:\/\/cat-sly.com\/\"},{\"@type\":\"ListItem\",\"position\":2,\"name\":\"Mentions L\u00e9gales\"}]},{\"@type\":\"WebSite\",\"@id\":\"https:\/\/cat-sly.com\/#website\",\"url\":\"https:\/\/cat-sly.com\/\",\"name\":\"Cat & Sly International\",\"description\":\"Un Go\u00fbt Nordique\",\"publisher\":{\"@id\":\"https:\/\/cat-sly.com\/#organization\"},\"potentialAction\":[{\"@type\":\"SearchAction\",\"target\":{\"@type\":\"EntryPoint\",\"urlTemplate\":\"https:\/\/cat-sly.com\/?s={search_term_string}\"},\"query-input\":\"required name=search_term_string\"}],\"inLanguage\":\"fr-FR\"},{\"@type\":\"Organization\",\"@id\":\"https:\/\/cat-sly.com\/#organization\",\"name\":\"Cat & Sly International\",\"url\":\"https:\/\/cat-sly.com\/\",\"logo\":{\"@type\":\"ImageObject\",\"inLanguage\":\"fr-FR\",\"@id\":\"https:\/\/cat-sly.com\/#\/schema\/logo\/image\/\",\"url\":\"https:\/\/cat-sly.com\/wp-content\/uploads\/2022\/09\/cropped-logopriginal_catsly.png\",\"contentUrl\":\"https:\/\/cat-sly.com\/wp-content\/uploads\/2022\/09\/cropped-logopriginal_catsly.png\",\"width\":1004,\"height\":1005,\"caption\":\"Cat & Sly International\"},\"image\":{\"@id\":\"https:\/\/cat-sly.com\/#\/schema\/logo\/image\/\"},\"sameAs\":[\"https:\/\/www.facebook.com\/CatSlyInt\",\"https:\/\/www.instagram.com\/cat_sly_international\"]}]}<\/script>\n<!-- \/ Yoast SEO plugin. -->","yoast_head_json":{"title":"Mentions L\u00e9gales - Cat &amp; Sly International","robots":{"index":"index","follow":"follow","max-snippet":"max-snippet:-1","max-image-preview":"max-image-preview:large","max-video-preview":"max-video-preview:-1"},"canonical":"https:\/\/cat-sly.com\/?page_id=6336","og_locale":"fr_FR","og_type":"article","og_title":"Mentions L\u00e9gales - Cat &amp; Sly International","og_description":"\u00c9diteur SAS Cat &amp; Sly international au capital de 1000 \u20ac RCS Laval : 912 618 121 Code APE : 4791B Si\u00e8ge social : 17 All\u00e9e Jacque Bossuet \u00e0 Gujan-Mestras en France H\u00e9bergement https:\/\/www.hostinger.fr\/ et r\u00e9alisation par Cathrine Suzeau de SAS Cat &amp; Sly international","og_url":"https:\/\/cat-sly.com\/?page_id=6336","og_site_name":"Cat &amp; Sly International","article_publisher":"https:\/\/www.facebook.com\/CatSlyInt","article_modified_time":"2023-10-23T15:11:30+00:00","twitter_card":"summary_large_image","twitter_misc":{"Dur\u00e9e de lecture estim\u00e9e":"1 minute"},"schema":{"@context":"https:\/\/schema.org","@graph":[{"@type":"WebPage","@id":"https:\/\/cat-sly.com\/?page_id=6336","url":"https:\/\/cat-sly.com\/?page_id=6336","name":"Mentions L\u00e9gales - Cat &amp; Sly International","isPartOf":{"@id":"https:\/\/cat-sly.com\/#website"},"datePublished":"2023-10-23T15:11:19+00:00","dateModified":"2023-10-23T15:11:30+00:00","breadcrumb":{"@id":"https:\/\/cat-sly.com\/?page_id=6336#breadcrumb"},"inLanguage":"fr-FR","potentialAction":[{"@type":"ReadAction","target":["https:\/\/cat-sly.com\/?page_id=6336"]}]},{"@type":"BreadcrumbList","@id":"https:\/\/cat-sly.com\/?page_id=6336#breadcrumb","itemListElement":[{"@type":"ListItem","position":1,"name":"Home","item":"https:\/\/cat-sly.com\/"},{"@type":"ListItem","position":2,"name":"Mentions L\u00e9gales"}]},{"@type":"WebSite","@id":"https:\/\/cat-sly.com\/#website","url":"https:\/\/cat-sly.com\/","name":"Cat & Sly International","description":"Un Go\u00fbt Nordique","publisher":{"@id":"https:\/\/cat-sly.com\/#organization"},"potentialAction":[{"@type":"SearchAction","target":{"@type":"EntryPoint","urlTemplate":"https:\/\/cat-sly.com\/?s={search_term_string}"},"query-input":"required name=search_term_string"}],"inLanguage":"fr-FR"},{"@type":"Organization","@id":"https:\/\/cat-sly.com\/#organization","name":"Cat & Sly International","url":"https:\/\/cat-sly.com\/","logo":{"@type":"ImageObject","inLanguage":"fr-FR","@id":"https:\/\/cat-sly.com\/#\/schema\/logo\/image\/","url":"https:\/\/cat-sly.com\/wp-content\/uploads\/2022\/09\/cropped-logopriginal_catsly.png","contentUrl":"https:\/\/cat-sly.com\/wp-content\/uploads\/2022\/09\/cropped-logopriginal_catsly.png","width":1004,"height":1005,"caption":"Cat & Sly International"},"image":{"@id":"https:\/\/cat-sly.com\/#\/schema\/logo\/image\/"},"sameAs":["https:\/\/www.facebook.com\/CatSlyInt","https:\/\/www.instagram.com\/cat_sly_international"]}]}},"jetpack_sharing_enabled":true,"_links":{"self":[{"href":"https:\/\/cat-sly.com\/index.php?rest_route=\/wp\/v2\/pages\/6336"}],"collection":[{"href":"https:\/\/cat-sly.com\/index.php?rest_route=\/wp\/v2\/pages"}],"about":[{"href":"https:\/\/cat-sly.com\/index.php?rest_route=\/wp\/v2\/types\/page"}],"author":[{"embeddable":true,"href":"https:\/\/cat-sly.com\/index.php?rest_route=\/wp\/v2\/users\/1"}],"replies":[{"embeddable":true,"href":"https:\/\/cat-sly.com\/index.php?rest_route=%2Fwp%2Fv2%2Fcomments&post=6336"}],"version-history":[{"count":1,"href":"https:\/\/cat-sly.com\/index.php?rest_route=\/wp\/v2\/pages\/6336\/revisions"}],"predecessor-version":[{"id":6340,"href":"https:\/\/cat-sly.com\/index.php?rest_route=\/wp\/v2\/pages\/6336\/revisions\/6340"}],"wp:attachment":[{"href":"https:\/\/cat-sly.com\/index.php?rest_route=%2Fwp%2Fv2%2Fmedia&parent=6336"}],"curies":[{"name":"wp","href":"https:\/\/api.w.org\/{rel}","templated":true}]}}