{"id":6344,"date":"2023-10-23T16:29:57","date_gmt":"2023-10-23T15:29:57","guid":{"rendered":"https:\/\/cat-sly.com\/?page_id=6344"},"modified":"2023-10-23T16:30:08","modified_gmt":"2023-10-23T15:30:08","slug":"c-g-u","status":"publish","type":"page","link":"https:\/\/cat-sly.com\/?page_id=6344","title":{"rendered":"C.G.U"},"content":{"rendered":"\n<h2 class=\"wp-block-heading\">1. Objet des conditions g\u00e9n\u00e9rales d&#8217;utilisation<\/h2>\n\n\n\n<p>Les conditions g\u00e9n\u00e9rales d&#8217;utilisation constituent le contrat entre le site et l&#8217;utilisateur. En utilisant ce site Internet, l\u2019utilisateur accepte et s\u2019engage \u00e0 respecter les pr\u00e9sentes conditions d&#8217;utilisation. En cas de non-acceptation de celles-ci, l&#8217;utilisateur renonce \u00e0 l&#8217;acc\u00e8s au site Internet et \u00e0 ses services.<\/p>\n\n\n\n<p>L\u2019\u00e9diteur du site https:\/\/cat-sly.com\/.com est la soci\u00e9t\u00e9 SAS Cat &amp; Sly international au capital de 1000 \u20ac, inscrite au RCS de Bordeaux sous le num\u00e9ro 912618121 et dont le si\u00e8ge social est au 17 All\u00e9e Jacque Bossuet \u00e0 Gujan-Mestras en France<\/p>\n\n\n\n<p>H\u00e9bergement du site <a href=\"https:\/\/www.hostinger.fr\/\">https:\/\/www.hostinger.fr\/<\/a> et R\u00e9alisation par Cathrine Suzeau de SAS Cat &amp; Sly international<\/p>\n\n\n\n<p>La soci\u00e9t\u00e9 SAS Cat &amp; Sly international se r\u00e9serve le droit d\u2019actualiser et de modifier, unilat\u00e9ralement, ses conditions g\u00e9n\u00e9rales d\u2019utilisation et de le communiquer \u00e0 l\u2019utilisateur par une publication en ligne ou par courriel.<\/p>\n\n\n\n<h2 class=\"wp-block-heading\">2. D\u00e9finitions<\/h2>\n\n\n\n<p>Ce deuxi\u00e8me point a pour objet la d\u00e9finition des diff\u00e9rents termes essentiels \u00e0 l\u2019utilisation du site.<\/p>\n\n\n\n<p>&#8211; Utilisateur : toute personne qui utilise le site et ses services.<\/p>\n\n\n\n<p>&#8211; Formulaire de contact : disponible \u00e0 la page CONTACT du site, il est n\u00e9cessaire qu\u2019il soit rempli correctement. L\u2019utilisateur est responsable de la v\u00e9racit\u00e9 des donn\u00e9es communiqu\u00e9es \u00e0 la soci\u00e9t\u00e9 Cat &amp; Sly international. Il permet \u00e0 l\u2019utilisateur de contacter la soci\u00e9t\u00e9 Cat &amp; Sly international pour tout renseignement.<\/p>\n\n\n\n<p>&#8211; Client : l&#8217;utilisateur devient client lorsqu&#8217;il obtient cr\u00e9e un compte et qu\u2019il peut se connecter sur le site, notamment pour commander en ligne.<\/p>\n\n\n\n<p>&#8211; Identifiants : regroupe les informations n\u00e9cessaires \u00e0 l&#8217;identification et \u00e0 la connexion d&#8217;un utilisateur membre sur le site. Les identifiants permettent \u00e0 l\u2019utilisateur d\u2019acc\u00e9der \u00e0 son espace client et de commander en ligne.<\/p>\n\n\n\n<h2 class=\"wp-block-heading\">3. Acc\u00e8s au site et \u00e0 ses services<\/h2>\n\n\n\n<p>L\u2019acc\u00e8s au site et \u00e0 ses services est gratuit. L&#8217;utilisateur, client ou non, est responsable des moyens pour acc\u00e9der au site et \u00e0 ses services notamment de son mat\u00e9riel informatique ainsi que de l\u2019acc\u00e8s \u00e0 Internet et de la qualit\u00e9 de cette connexion. Une mauvaise connexion peut emp\u00eacher un affichage normal du site Internet, la soci\u00e9t\u00e9 Cat &amp; Sly international ne peut en aucun cas en \u00eatre tenue responsable. Le site et ses services peuvent faire l&#8217;objet d\u2019une actualisation, d\u2019une modification ou d&#8217;une interruption notamment en cas de maintenance, sans pr\u00e9avis n\u00e9cessaire. La soci\u00e9t\u00e9 Cat &amp; Sly international compte sur la compr\u00e9hension de l&#8217;utilisateur car aucune indemnisation ne sera accord\u00e9e en cas de fonctionnement anormal ou de toute maintenance du site par exemple.<\/p>\n\n\n\n<h2 class=\"wp-block-heading\">4. Utilisation des donn\u00e9es, Copyright et propri\u00e9t\u00e9 industrielle<\/h2>\n\n\n\n<p>Le nom de domaine https:\/\/cat-sly.com\/, et toutes ses d\u00e9clinaisons sont d\u00e9pos\u00e9s et prot\u00e9g\u00e9s. Les logos ainsi que tout autres contenus pr\u00e9sents sur le site sont prot\u00e9g\u00e9s par le Code de la propri\u00e9t\u00e9 intellectuelle et par le droit d&#8217;auteur. Toute utilisation (publication, copie, capture d\u2019\u00e9cran, reproduction\u2026) du contenu du site internet, sans l&#8217;accord pr\u00e9alable de la soci\u00e9t\u00e9 Cat &amp; Sly international est interdite et constitue une violation de ces conditions d\u2019utilisation. L&#8217;extraction et l\u2019affichage des donn\u00e9es de ce site Internet \u00e0 des fins commerciales ou non, sur un autre site Internet, de fa\u00e7on automatis\u00e9e ou non, sont soumises \u00e0 l\u2019autorisation de la soci\u00e9t\u00e9 Cat &amp; Sly international. Celle-ci se r\u00e9serve le droit d\u2019intenter toute r\u00e9clamation n\u00e9cessaire au respect de ce point.<\/p>\n\n\n\n<p>Tout lien hypertexte orientant un internaute vers le site Internet de la soci\u00e9t\u00e9 Cat &amp; Sly international sans l&#8217;autorisation pr\u00e9alable de cette derni\u00e8re est interdit.<\/p>\n","protected":false},"excerpt":{"rendered":"<p>1. Objet des conditions g\u00e9n\u00e9rales d&#8217;utilisation Les conditions g\u00e9n\u00e9rales d&#8217;utilisation constituent le contrat entre le site et l&#8217;utilisateur. En utilisant ce site Internet, l\u2019utilisateur accepte et s\u2019engage \u00e0 respecter les pr\u00e9sentes conditions d&#8217;utilisation. En cas de non-acceptation de celles-ci, l&#8217;utilisateur renonce \u00e0 l&#8217;acc\u00e8s au site Internet et \u00e0 ses services. L\u2019\u00e9diteur du site https:\/\/cat-sly.com\/.com est [&hellip;]<\/p>\n","protected":false},"author":1,"featured_media":0,"parent":0,"menu_order":0,"comment_status":"closed","ping_status":"closed","template":"","meta":{"om_disable_all_campaigns":false,"_mi_skip_tracking":false,"_monsterinsights_sitenote_active":false,"_monsterinsights_sitenote_note":"","_monsterinsights_sitenote_category":0,"footnotes":""},"yoast_head":"<!-- This site is optimized with the Yoast SEO plugin v21.5 - https:\/\/yoast.com\/wordpress\/plugins\/seo\/ -->\n<title>C.G.U - Cat &amp; Sly International<\/title>\n<meta name=\"robots\" content=\"index, follow, max-snippet:-1, max-image-preview:large, max-video-preview:-1\" \/>\n<link rel=\"canonical\" href=\"https:\/\/cat-sly.com\/?page_id=6344\" \/>\n<meta property=\"og:locale\" content=\"fr_FR\" \/>\n<meta property=\"og:type\" content=\"article\" \/>\n<meta property=\"og:title\" content=\"C.G.U - Cat &amp; Sly International\" \/>\n<meta property=\"og:description\" content=\"1. Objet des conditions g\u00e9n\u00e9rales d&#8217;utilisation Les conditions g\u00e9n\u00e9rales d&#8217;utilisation constituent le contrat entre le site et l&#8217;utilisateur. En utilisant ce site Internet, l\u2019utilisateur accepte et s\u2019engage \u00e0 respecter les pr\u00e9sentes conditions d&#8217;utilisation. En cas de non-acceptation de celles-ci, l&#8217;utilisateur renonce \u00e0 l&#8217;acc\u00e8s au site Internet et \u00e0 ses services. L\u2019\u00e9diteur du site https:\/\/cat-sly.com\/.com est [&hellip;]\" \/>\n<meta property=\"og:url\" content=\"https:\/\/cat-sly.com\/?page_id=6344\" \/>\n<meta property=\"og:site_name\" content=\"Cat &amp; Sly International\" \/>\n<meta property=\"article:publisher\" content=\"https:\/\/www.facebook.com\/CatSlyInt\" \/>\n<meta property=\"article:modified_time\" content=\"2023-10-23T15:30:08+00:00\" \/>\n<meta name=\"twitter:card\" content=\"summary_large_image\" \/>\n<meta name=\"twitter:label1\" content=\"Dur\u00e9e de lecture estim\u00e9e\" \/>\n\t<meta name=\"twitter:data1\" content=\"3 minutes\" \/>\n<script type=\"application\/ld+json\" class=\"yoast-schema-graph\">{\"@context\":\"https:\/\/schema.org\",\"@graph\":[{\"@type\":\"WebPage\",\"@id\":\"https:\/\/cat-sly.com\/?page_id=6344\",\"url\":\"https:\/\/cat-sly.com\/?page_id=6344\",\"name\":\"C.G.U - Cat &amp; Sly International\",\"isPartOf\":{\"@id\":\"https:\/\/cat-sly.com\/#website\"},\"datePublished\":\"2023-10-23T15:29:57+00:00\",\"dateModified\":\"2023-10-23T15:30:08+00:00\",\"breadcrumb\":{\"@id\":\"https:\/\/cat-sly.com\/?page_id=6344#breadcrumb\"},\"inLanguage\":\"fr-FR\",\"potentialAction\":[{\"@type\":\"ReadAction\",\"target\":[\"https:\/\/cat-sly.com\/?page_id=6344\"]}]},{\"@type\":\"BreadcrumbList\",\"@id\":\"https:\/\/cat-sly.com\/?page_id=6344#breadcrumb\",\"itemListElement\":[{\"@type\":\"ListItem\",\"position\":1,\"name\":\"Home\",\"item\":\"https:\/\/cat-sly.com\/\"},{\"@type\":\"ListItem\",\"position\":2,\"name\":\"C.G.U\"}]},{\"@type\":\"WebSite\",\"@id\":\"https:\/\/cat-sly.com\/#website\",\"url\":\"https:\/\/cat-sly.com\/\",\"name\":\"Cat & Sly International\",\"description\":\"Un Go\u00fbt Nordique\",\"publisher\":{\"@id\":\"https:\/\/cat-sly.com\/#organization\"},\"potentialAction\":[{\"@type\":\"SearchAction\",\"target\":{\"@type\":\"EntryPoint\",\"urlTemplate\":\"https:\/\/cat-sly.com\/?s={search_term_string}\"},\"query-input\":\"required name=search_term_string\"}],\"inLanguage\":\"fr-FR\"},{\"@type\":\"Organization\",\"@id\":\"https:\/\/cat-sly.com\/#organization\",\"name\":\"Cat & Sly International\",\"url\":\"https:\/\/cat-sly.com\/\",\"logo\":{\"@type\":\"ImageObject\",\"inLanguage\":\"fr-FR\",\"@id\":\"https:\/\/cat-sly.com\/#\/schema\/logo\/image\/\",\"url\":\"https:\/\/cat-sly.com\/wp-content\/uploads\/2022\/09\/cropped-logopriginal_catsly.png\",\"contentUrl\":\"https:\/\/cat-sly.com\/wp-content\/uploads\/2022\/09\/cropped-logopriginal_catsly.png\",\"width\":1004,\"height\":1005,\"caption\":\"Cat & Sly International\"},\"image\":{\"@id\":\"https:\/\/cat-sly.com\/#\/schema\/logo\/image\/\"},\"sameAs\":[\"https:\/\/www.facebook.com\/CatSlyInt\",\"https:\/\/www.instagram.com\/cat_sly_international\"]}]}<\/script>\n<!-- \/ Yoast SEO plugin. -->","yoast_head_json":{"title":"C.G.U - Cat &amp; Sly International","robots":{"index":"index","follow":"follow","max-snippet":"max-snippet:-1","max-image-preview":"max-image-preview:large","max-video-preview":"max-video-preview:-1"},"canonical":"https:\/\/cat-sly.com\/?page_id=6344","og_locale":"fr_FR","og_type":"article","og_title":"C.G.U - Cat &amp; Sly International","og_description":"1. Objet des conditions g\u00e9n\u00e9rales d&#8217;utilisation Les conditions g\u00e9n\u00e9rales d&#8217;utilisation constituent le contrat entre le site et l&#8217;utilisateur. En utilisant ce site Internet, l\u2019utilisateur accepte et s\u2019engage \u00e0 respecter les pr\u00e9sentes conditions d&#8217;utilisation. En cas de non-acceptation de celles-ci, l&#8217;utilisateur renonce \u00e0 l&#8217;acc\u00e8s au site Internet et \u00e0 ses services. L\u2019\u00e9diteur du site https:\/\/cat-sly.com\/.com est [&hellip;]","og_url":"https:\/\/cat-sly.com\/?page_id=6344","og_site_name":"Cat &amp; Sly International","article_publisher":"https:\/\/www.facebook.com\/CatSlyInt","article_modified_time":"2023-10-23T15:30:08+00:00","twitter_card":"summary_large_image","twitter_misc":{"Dur\u00e9e de lecture estim\u00e9e":"3 minutes"},"schema":{"@context":"https:\/\/schema.org","@graph":[{"@type":"WebPage","@id":"https:\/\/cat-sly.com\/?page_id=6344","url":"https:\/\/cat-sly.com\/?page_id=6344","name":"C.G.U - Cat &amp; Sly International","isPartOf":{"@id":"https:\/\/cat-sly.com\/#website"},"datePublished":"2023-10-23T15:29:57+00:00","dateModified":"2023-10-23T15:30:08+00:00","breadcrumb":{"@id":"https:\/\/cat-sly.com\/?page_id=6344#breadcrumb"},"inLanguage":"fr-FR","potentialAction":[{"@type":"ReadAction","target":["https:\/\/cat-sly.com\/?page_id=6344"]}]},{"@type":"BreadcrumbList","@id":"https:\/\/cat-sly.com\/?page_id=6344#breadcrumb","itemListElement":[{"@type":"ListItem","position":1,"name":"Home","item":"https:\/\/cat-sly.com\/"},{"@type":"ListItem","position":2,"name":"C.G.U"}]},{"@type":"WebSite","@id":"https:\/\/cat-sly.com\/#website","url":"https:\/\/cat-sly.com\/","name":"Cat & Sly International","description":"Un Go\u00fbt Nordique","publisher":{"@id":"https:\/\/cat-sly.com\/#organization"},"potentialAction":[{"@type":"SearchAction","target":{"@type":"EntryPoint","urlTemplate":"https:\/\/cat-sly.com\/?s={search_term_string}"},"query-input":"required name=search_term_string"}],"inLanguage":"fr-FR"},{"@type":"Organization","@id":"https:\/\/cat-sly.com\/#organization","name":"Cat & Sly International","url":"https:\/\/cat-sly.com\/","logo":{"@type":"ImageObject","inLanguage":"fr-FR","@id":"https:\/\/cat-sly.com\/#\/schema\/logo\/image\/","url":"https:\/\/cat-sly.com\/wp-content\/uploads\/2022\/09\/cropped-logopriginal_catsly.png","contentUrl":"https:\/\/cat-sly.com\/wp-content\/uploads\/2022\/09\/cropped-logopriginal_catsly.png","width":1004,"height":1005,"caption":"Cat & Sly International"},"image":{"@id":"https:\/\/cat-sly.com\/#\/schema\/logo\/image\/"},"sameAs":["https:\/\/www.facebook.com\/CatSlyInt","https:\/\/www.instagram.com\/cat_sly_international"]}]}},"jetpack_sharing_enabled":true,"_links":{"self":[{"href":"https:\/\/cat-sly.com\/index.php?rest_route=\/wp\/v2\/pages\/6344"}],"collection":[{"href":"https:\/\/cat-sly.com\/index.php?rest_route=\/wp\/v2\/pages"}],"about":[{"href":"https:\/\/cat-sly.com\/index.php?rest_route=\/wp\/v2\/types\/page"}],"author":[{"embeddable":true,"href":"https:\/\/cat-sly.com\/index.php?rest_route=\/wp\/v2\/users\/1"}],"replies":[{"embeddable":true,"href":"https:\/\/cat-sly.com\/index.php?rest_route=%2Fwp%2Fv2%2Fcomments&post=6344"}],"version-history":[{"count":1,"href":"https:\/\/cat-sly.com\/index.php?rest_route=\/wp\/v2\/pages\/6344\/revisions"}],"predecessor-version":[{"id":6354,"href":"https:\/\/cat-sly.com\/index.php?rest_route=\/wp\/v2\/pages\/6344\/revisions\/6354"}],"wp:attachment":[{"href":"https:\/\/cat-sly.com\/index.php?rest_route=%2Fwp%2Fv2%2Fmedia&parent=6344"}],"curies":[{"name":"wp","href":"https:\/\/api.w.org\/{rel}","templated":true}]}}