{"id":5728,"date":"2023-03-08T17:08:51","date_gmt":"2023-03-08T16:08:51","guid":{"rendered":"https:\/\/cat-sly.com\/?post_type=product&#038;p=5728"},"modified":"2024-08-06T12:01:49","modified_gmt":"2024-08-06T11:01:49","slug":"o-o-brewing-bangatan-ipa-7-0","status":"publish","type":"product","link":"https:\/\/cat-sly.com\/?product=o-o-brewing-bangatan-ipa-7-0","title":{"rendered":"O\/O Brewing Bangatan IPA 7.0%"},"content":{"rendered":"<p><span class=\"x193iq5w xeuugli x13faqbe x1vvkbs x1xmvt09 x1lliihq x1s928wv xhkezso x1gmr53x x1cpjm7i x1fgarty x1943h6x xudqn12 x3x7a5m x6prxxf xvq8zen xo1l8bm xzsf02u x1yc453h\" dir=\"auto\">Une IPA artisanale qui vient de la Su\u00e8de, elle a des notes d&#8217;ananas, de r\u00e9sine de pin, de mangue. En ap\u00e9ritif ou en accompagnent avec des viandes rouges.<br \/>\n<\/span><span class=\"x193iq5w xeuugli x13faqbe x1vvkbs x1xmvt09 x1lliihq x1s928wv xhkezso x1gmr53x x1cpjm7i x1fgarty x1943h6x xudqn12 x3x7a5m x6prxxf xvq8zen xo1l8bm xzsf02u x1yc453h\" dir=\"auto\">Une IPA avec trois types de houblons diff\u00e9rents,<\/span><span class=\"x193iq5w xeuugli x13faqbe x1vvkbs x1xmvt09 x1lliihq x1s928wv xhkezso x1gmr53x x1cpjm7i x1fgarty x1943h6x xudqn12 x3x7a5m x6prxxf xvq8zen xo1l8bm xzsf02u x1yc453h\" dir=\"auto\"> Mosaic, Citra et Nelson Sauvin.<br \/>\n<\/span><\/p>\n","protected":false},"excerpt":{"rendered":"<ul>\n<li>IPA <span class=\"x193iq5w xeuugli x13faqbe x1vvkbs x1xmvt09 x1lliihq x1s928wv xhkezso x1gmr53x x1cpjm7i x1fgarty x1943h6x xudqn12 x3x7a5m x6prxxf xvq8zen xo1l8bm xzsf02u x1yc453h\" dir=\"auto\">Mosaic, Citra et Nelson Sauvin.<\/span><\/li>\n<li>Bi\u00e8re Artisanale<\/li>\n<li><span class=\"x193iq5w xeuugli x13faqbe x1vvkbs x1xmvt09 x1lliihq x1s928wv xhkezso x1gmr53x x1cpjm7i x1fgarty x1943h6x xudqn12 x3x7a5m x6prxxf xvq8zen xo1l8bm xzsf02u x1yc453h\" dir=\"auto\">Canette 44 cl<\/span><\/li>\n<\/ul>\n","protected":false},"featured_media":5729,"comment_status":"open","ping_status":"closed","template":"","meta":{"om_disable_all_campaigns":false,"_mi_skip_tracking":false,"_monsterinsights_sitenote_active":false,"_monsterinsights_sitenote_note":"","_monsterinsights_sitenote_category":0},"product_cat":[80,60],"product_tag":[71,77,70,86,69,85,88,81,82],"yoast_head":"<!-- This site is optimized with the Yoast SEO plugin v21.5 - https:\/\/yoast.com\/wordpress\/plugins\/seo\/ -->\n<title>O\/O Brewing Bangatan IPA 7.0% - Cat &amp; Sly International<\/title>\n<meta name=\"description\" content=\"Une IPA artisanale qui vient de la Su\u00e8de, elle a des notes d&#039;ananas, de r\u00e9sine de pin, de mangue. Une IPA avec trois types de houblons diff\u00e9rents, Mosaic, Citra et Nelson Sauvin.\" \/>\n<meta name=\"robots\" content=\"index, follow, max-snippet:-1, max-image-preview:large, max-video-preview:-1\" \/>\n<link rel=\"canonical\" href=\"https:\/\/cat-sly.com\/?product=o-o-brewing-bangatan-ipa-7-0\" \/>\n<meta property=\"og:locale\" content=\"fr_FR\" \/>\n<meta property=\"og:type\" content=\"article\" \/>\n<meta property=\"og:title\" content=\"O\/O Brewing Bangatan IPA 7.0% - Cat &amp; Sly International\" \/>\n<meta property=\"og:description\" content=\"Une IPA artisanale qui vient de la Su\u00e8de, elle a des notes d&#039;ananas, de r\u00e9sine de pin, de mangue. Une IPA avec trois types de houblons diff\u00e9rents, Mosaic, Citra et Nelson Sauvin.\" \/>\n<meta property=\"og:url\" content=\"https:\/\/cat-sly.com\/?product=o-o-brewing-bangatan-ipa-7-0\" \/>\n<meta property=\"og:site_name\" content=\"Cat &amp; Sly International\" \/>\n<meta property=\"article:publisher\" content=\"https:\/\/www.facebook.com\/CatSlyInt\" \/>\n<meta property=\"article:modified_time\" content=\"2024-08-06T11:01:49+00:00\" \/>\n<meta property=\"og:image\" content=\"http:\/\/cat-sly.com\/wp-content\/uploads\/2023\/03\/bangatan1-e1683556538813.jpg\" \/>\n\t<meta property=\"og:image:width\" content=\"952\" \/>\n\t<meta property=\"og:image:height\" content=\"1527\" \/>\n\t<meta property=\"og:image:type\" content=\"image\/jpeg\" \/>\n<meta name=\"twitter:card\" content=\"summary_large_image\" \/>\n<meta name=\"twitter:label1\" content=\"Dur\u00e9e de lecture estim\u00e9e\" \/>\n\t<meta name=\"twitter:data1\" content=\"1 minute\" \/>\n<script type=\"application\/ld+json\" class=\"yoast-schema-graph\">{\"@context\":\"https:\/\/schema.org\",\"@graph\":[{\"@type\":\"WebPage\",\"@id\":\"https:\/\/cat-sly.com\/?product=o-o-brewing-bangatan-ipa-7-0\",\"url\":\"https:\/\/cat-sly.com\/?product=o-o-brewing-bangatan-ipa-7-0\",\"name\":\"O\/O Brewing Bangatan IPA 7.0% - Cat &amp; Sly International\",\"isPartOf\":{\"@id\":\"https:\/\/cat-sly.com\/#website\"},\"datePublished\":\"2023-03-08T16:08:51+00:00\",\"dateModified\":\"2024-08-06T11:01:49+00:00\",\"description\":\"Une IPA artisanale qui vient de la Su\u00e8de, elle a des notes d'ananas, de r\u00e9sine de pin, de mangue. Une IPA avec trois types de houblons diff\u00e9rents, Mosaic, Citra et Nelson Sauvin.\",\"breadcrumb\":{\"@id\":\"https:\/\/cat-sly.com\/?product=o-o-brewing-bangatan-ipa-7-0#breadcrumb\"},\"inLanguage\":\"fr-FR\",\"potentialAction\":[{\"@type\":\"ReadAction\",\"target\":[\"https:\/\/cat-sly.com\/?product=o-o-brewing-bangatan-ipa-7-0\"]}]},{\"@type\":\"BreadcrumbList\",\"@id\":\"https:\/\/cat-sly.com\/?product=o-o-brewing-bangatan-ipa-7-0#breadcrumb\",\"itemListElement\":[{\"@type\":\"ListItem\",\"position\":1,\"name\":\"Home\",\"item\":\"https:\/\/cat-sly.com\/\"},{\"@type\":\"ListItem\",\"position\":2,\"name\":\"Boutique\",\"item\":\"https:\/\/cat-sly.com\/?page_id=5754\"},{\"@type\":\"ListItem\",\"position\":3,\"name\":\"O\/O Brewing Bangatan IPA 7.0%\"}]},{\"@type\":\"WebSite\",\"@id\":\"https:\/\/cat-sly.com\/#website\",\"url\":\"https:\/\/cat-sly.com\/\",\"name\":\"Cat & Sly International\",\"description\":\"Un Go\u00fbt Nordique\",\"publisher\":{\"@id\":\"https:\/\/cat-sly.com\/#organization\"},\"potentialAction\":[{\"@type\":\"SearchAction\",\"target\":{\"@type\":\"EntryPoint\",\"urlTemplate\":\"https:\/\/cat-sly.com\/?s={search_term_string}\"},\"query-input\":\"required name=search_term_string\"}],\"inLanguage\":\"fr-FR\"},{\"@type\":\"Organization\",\"@id\":\"https:\/\/cat-sly.com\/#organization\",\"name\":\"Cat & Sly International\",\"url\":\"https:\/\/cat-sly.com\/\",\"logo\":{\"@type\":\"ImageObject\",\"inLanguage\":\"fr-FR\",\"@id\":\"https:\/\/cat-sly.com\/#\/schema\/logo\/image\/\",\"url\":\"https:\/\/cat-sly.com\/wp-content\/uploads\/2022\/09\/cropped-logopriginal_catsly.png\",\"contentUrl\":\"https:\/\/cat-sly.com\/wp-content\/uploads\/2022\/09\/cropped-logopriginal_catsly.png\",\"width\":1004,\"height\":1005,\"caption\":\"Cat & Sly International\"},\"image\":{\"@id\":\"https:\/\/cat-sly.com\/#\/schema\/logo\/image\/\"},\"sameAs\":[\"https:\/\/www.facebook.com\/CatSlyInt\",\"https:\/\/www.instagram.com\/cat_sly_international\"]}]}<\/script>\n<!-- \/ Yoast SEO plugin. -->","yoast_head_json":{"title":"O\/O Brewing Bangatan IPA 7.0% - Cat &amp; Sly International","description":"Une IPA artisanale qui vient de la Su\u00e8de, elle a des notes d'ananas, de r\u00e9sine de pin, de mangue. Une IPA avec trois types de houblons diff\u00e9rents, Mosaic, Citra et Nelson Sauvin.","robots":{"index":"index","follow":"follow","max-snippet":"max-snippet:-1","max-image-preview":"max-image-preview:large","max-video-preview":"max-video-preview:-1"},"canonical":"https:\/\/cat-sly.com\/?product=o-o-brewing-bangatan-ipa-7-0","og_locale":"fr_FR","og_type":"article","og_title":"O\/O Brewing Bangatan IPA 7.0% - Cat &amp; Sly International","og_description":"Une IPA artisanale qui vient de la Su\u00e8de, elle a des notes d'ananas, de r\u00e9sine de pin, de mangue. Une IPA avec trois types de houblons diff\u00e9rents, Mosaic, Citra et Nelson Sauvin.","og_url":"https:\/\/cat-sly.com\/?product=o-o-brewing-bangatan-ipa-7-0","og_site_name":"Cat &amp; Sly International","article_publisher":"https:\/\/www.facebook.com\/CatSlyInt","article_modified_time":"2024-08-06T11:01:49+00:00","og_image":[{"width":952,"height":1527,"url":"http:\/\/cat-sly.com\/wp-content\/uploads\/2023\/03\/bangatan1-e1683556538813.jpg","type":"image\/jpeg"}],"twitter_card":"summary_large_image","twitter_misc":{"Dur\u00e9e de lecture estim\u00e9e":"1 minute"},"schema":{"@context":"https:\/\/schema.org","@graph":[{"@type":"WebPage","@id":"https:\/\/cat-sly.com\/?product=o-o-brewing-bangatan-ipa-7-0","url":"https:\/\/cat-sly.com\/?product=o-o-brewing-bangatan-ipa-7-0","name":"O\/O Brewing Bangatan IPA 7.0% - Cat &amp; Sly International","isPartOf":{"@id":"https:\/\/cat-sly.com\/#website"},"datePublished":"2023-03-08T16:08:51+00:00","dateModified":"2024-08-06T11:01:49+00:00","description":"Une IPA artisanale qui vient de la Su\u00e8de, elle a des notes d'ananas, de r\u00e9sine de pin, de mangue. Une IPA avec trois types de houblons diff\u00e9rents, Mosaic, Citra et Nelson Sauvin.","breadcrumb":{"@id":"https:\/\/cat-sly.com\/?product=o-o-brewing-bangatan-ipa-7-0#breadcrumb"},"inLanguage":"fr-FR","potentialAction":[{"@type":"ReadAction","target":["https:\/\/cat-sly.com\/?product=o-o-brewing-bangatan-ipa-7-0"]}]},{"@type":"BreadcrumbList","@id":"https:\/\/cat-sly.com\/?product=o-o-brewing-bangatan-ipa-7-0#breadcrumb","itemListElement":[{"@type":"ListItem","position":1,"name":"Home","item":"https:\/\/cat-sly.com\/"},{"@type":"ListItem","position":2,"name":"Boutique","item":"https:\/\/cat-sly.com\/?page_id=5754"},{"@type":"ListItem","position":3,"name":"O\/O Brewing Bangatan IPA 7.0%"}]},{"@type":"WebSite","@id":"https:\/\/cat-sly.com\/#website","url":"https:\/\/cat-sly.com\/","name":"Cat & Sly International","description":"Un Go\u00fbt Nordique","publisher":{"@id":"https:\/\/cat-sly.com\/#organization"},"potentialAction":[{"@type":"SearchAction","target":{"@type":"EntryPoint","urlTemplate":"https:\/\/cat-sly.com\/?s={search_term_string}"},"query-input":"required name=search_term_string"}],"inLanguage":"fr-FR"},{"@type":"Organization","@id":"https:\/\/cat-sly.com\/#organization","name":"Cat & Sly International","url":"https:\/\/cat-sly.com\/","logo":{"@type":"ImageObject","inLanguage":"fr-FR","@id":"https:\/\/cat-sly.com\/#\/schema\/logo\/image\/","url":"https:\/\/cat-sly.com\/wp-content\/uploads\/2022\/09\/cropped-logopriginal_catsly.png","contentUrl":"https:\/\/cat-sly.com\/wp-content\/uploads\/2022\/09\/cropped-logopriginal_catsly.png","width":1004,"height":1005,"caption":"Cat & Sly International"},"image":{"@id":"https:\/\/cat-sly.com\/#\/schema\/logo\/image\/"},"sameAs":["https:\/\/www.facebook.com\/CatSlyInt","https:\/\/www.instagram.com\/cat_sly_international"]}]}},"jetpack_sharing_enabled":true,"_links":{"self":[{"href":"https:\/\/cat-sly.com\/index.php?rest_route=\/wp\/v2\/product\/5728"}],"collection":[{"href":"https:\/\/cat-sly.com\/index.php?rest_route=\/wp\/v2\/product"}],"about":[{"href":"https:\/\/cat-sly.com\/index.php?rest_route=\/wp\/v2\/types\/product"}],"replies":[{"embeddable":true,"href":"https:\/\/cat-sly.com\/index.php?rest_route=%2Fwp%2Fv2%2Fcomments&post=5728"}],"wp:featuredmedia":[{"embeddable":true,"href":"https:\/\/cat-sly.com\/index.php?rest_route=\/wp\/v2\/media\/5729"}],"wp:attachment":[{"href":"https:\/\/cat-sly.com\/index.php?rest_route=%2Fwp%2Fv2%2Fmedia&parent=5728"}],"wp:term":[{"taxonomy":"product_cat","embeddable":true,"href":"https:\/\/cat-sly.com\/index.php?rest_route=%2Fwp%2Fv2%2Fproduct_cat&post=5728"},{"taxonomy":"product_tag","embeddable":true,"href":"https:\/\/cat-sly.com\/index.php?rest_route=%2Fwp%2Fv2%2Fproduct_tag&post=5728"}],"curies":[{"name":"wp","href":"https:\/\/api.w.org\/{rel}","templated":true}]}}