{"id":5938,"date":"2023-05-08T16:18:22","date_gmt":"2023-05-08T15:18:22","guid":{"rendered":"https:\/\/cat-sly.com\/?post_type=product&#038;p=5938"},"modified":"2023-10-31T10:43:46","modified_gmt":"2023-10-31T09:43:46","slug":"herno-old-tom","status":"publish","type":"product","link":"https:\/\/cat-sly.com\/?product=herno-old-tom","title":{"rendered":"Hern\u00f6 Old Tom"},"content":{"rendered":"<div class=\"elementor-element elementor-element-790f311 elementor-widget elementor-widget-text-editor\" data-id=\"790f311\" data-element_type=\"widget\" data-widget_type=\"text-editor.default\">\n<div class=\"elementor-widget-container\">\n<p>Hern\u00f6 Old Tom Gin est fabriqu\u00e9 \u00e0 partir du m\u00eame gin distill\u00e9 que Hern\u00f6 Gin, mais avec une quantit\u00e9 suppl\u00e9mentaire de reines des pr\u00e8s et d\u2019une touche de sucre. Le tout est dilu\u00e9 \u00e0 43% et ajout\u00e9 dans la distillation. L\u2019\u00e9dulcoration soul\u00e8ve les notes florales, lib\u00e8re une gamme de gen\u00e9vrier et rend le gin encore plus doux.<\/p>\n<p>NOTES DE DEGUSTATION<\/p>\n<p>NEZ : Hern\u00f6 Old Tom Gin est cors\u00e9 avec des notes vives, juteuses de geni\u00e8vre et florales.<\/p>\n<p>PALAIS : Texture super douce avec un l\u00e9ger velout\u00e9 et des notes botaniques. Un bouquet de gen\u00e9vriers, vert et croquant, suivi de notes de fleurs de pin.<\/p>\n<p>FINITION : Une douceur florale combin\u00e9e aux gen\u00e9vriers de longue dur\u00e9e caract\u00e9rise Hern\u00f6 Old Tom Gin.<\/p>\n<\/div>\n<\/div>\n","protected":false},"excerpt":{"rendered":"<p>Hern\u00f6 Old Tom Gin 43%<\/p>\n","protected":false},"featured_media":5939,"comment_status":"open","ping_status":"closed","template":"","meta":{"om_disable_all_campaigns":false,"_mi_skip_tracking":false,"_monsterinsights_sitenote_active":false,"_monsterinsights_sitenote_note":"","_monsterinsights_sitenote_category":0},"product_cat":[102],"product_tag":[105,104,103,112,111],"yoast_head":"<!-- This site is optimized with the Yoast SEO plugin v21.5 - https:\/\/yoast.com\/wordpress\/plugins\/seo\/ -->\n<title>Hern\u00f6 Old Tom - Cat &amp; Sly International<\/title>\n<meta name=\"description\" content=\"Hern\u00f6 Old Tom Gin est fabriqu\u00e9 \u00e0 partir du m\u00eame gin distill\u00e9 que Hern\u00f6 Gin, mais avec une quantit\u00e9 suppl\u00e9mentaire de reines des pr\u00e8s et d\u2019une touche de sucre. Le tout est dilu\u00e9 \u00e0 43% et ajout\u00e9 dans la distillation. L\u2019\u00e9dulcoration soul\u00e8ve les notes florales, lib\u00e8re une gamme de gen\u00e9vrier et rend le gin encore plus doux.\" \/>\n<meta name=\"robots\" content=\"index, follow, max-snippet:-1, max-image-preview:large, max-video-preview:-1\" \/>\n<link rel=\"canonical\" href=\"https:\/\/cat-sly.com\/?product=herno-old-tom\" \/>\n<meta property=\"og:locale\" content=\"fr_FR\" \/>\n<meta property=\"og:type\" content=\"article\" \/>\n<meta property=\"og:title\" content=\"Hern\u00f6 Old Tom - Cat &amp; Sly International\" \/>\n<meta property=\"og:description\" content=\"Hern\u00f6 Old Tom Gin est fabriqu\u00e9 \u00e0 partir du m\u00eame gin distill\u00e9 que Hern\u00f6 Gin, mais avec une quantit\u00e9 suppl\u00e9mentaire de reines des pr\u00e8s et d\u2019une touche de sucre. Le tout est dilu\u00e9 \u00e0 43% et ajout\u00e9 dans la distillation. L\u2019\u00e9dulcoration soul\u00e8ve les notes florales, lib\u00e8re une gamme de gen\u00e9vrier et rend le gin encore plus doux.\" \/>\n<meta property=\"og:url\" content=\"https:\/\/cat-sly.com\/?product=herno-old-tom\" \/>\n<meta property=\"og:site_name\" content=\"Cat &amp; Sly International\" \/>\n<meta property=\"article:publisher\" content=\"https:\/\/www.facebook.com\/CatSlyInt\" \/>\n<meta property=\"article:modified_time\" content=\"2023-10-31T09:43:46+00:00\" \/>\n<meta property=\"og:image\" content=\"http:\/\/cat-sly.com\/wp-content\/uploads\/2023\/05\/Herno-old-tom--e1683559211285.jpg\" \/>\n\t<meta property=\"og:image:width\" content=\"932\" \/>\n\t<meta property=\"og:image:height\" content=\"1703\" \/>\n\t<meta property=\"og:image:type\" content=\"image\/jpeg\" \/>\n<meta name=\"twitter:card\" content=\"summary_large_image\" \/>\n<meta name=\"twitter:label1\" content=\"Dur\u00e9e de lecture estim\u00e9e\" \/>\n\t<meta name=\"twitter:data1\" content=\"1 minute\" \/>\n<script type=\"application\/ld+json\" class=\"yoast-schema-graph\">{\"@context\":\"https:\/\/schema.org\",\"@graph\":[{\"@type\":\"WebPage\",\"@id\":\"https:\/\/cat-sly.com\/?product=herno-old-tom\",\"url\":\"https:\/\/cat-sly.com\/?product=herno-old-tom\",\"name\":\"Hern\u00f6 Old Tom - Cat &amp; Sly International\",\"isPartOf\":{\"@id\":\"https:\/\/cat-sly.com\/#website\"},\"datePublished\":\"2023-05-08T15:18:22+00:00\",\"dateModified\":\"2023-10-31T09:43:46+00:00\",\"description\":\"Hern\u00f6 Old Tom Gin est fabriqu\u00e9 \u00e0 partir du m\u00eame gin distill\u00e9 que Hern\u00f6 Gin, mais avec une quantit\u00e9 suppl\u00e9mentaire de reines des pr\u00e8s et d\u2019une touche de sucre. Le tout est dilu\u00e9 \u00e0 43% et ajout\u00e9 dans la distillation. L\u2019\u00e9dulcoration soul\u00e8ve les notes florales, lib\u00e8re une gamme de gen\u00e9vrier et rend le gin encore plus doux.\",\"breadcrumb\":{\"@id\":\"https:\/\/cat-sly.com\/?product=herno-old-tom#breadcrumb\"},\"inLanguage\":\"fr-FR\",\"potentialAction\":[{\"@type\":\"ReadAction\",\"target\":[\"https:\/\/cat-sly.com\/?product=herno-old-tom\"]}]},{\"@type\":\"BreadcrumbList\",\"@id\":\"https:\/\/cat-sly.com\/?product=herno-old-tom#breadcrumb\",\"itemListElement\":[{\"@type\":\"ListItem\",\"position\":1,\"name\":\"Home\",\"item\":\"https:\/\/cat-sly.com\/\"},{\"@type\":\"ListItem\",\"position\":2,\"name\":\"Boutique\",\"item\":\"https:\/\/cat-sly.com\/?page_id=5754\"},{\"@type\":\"ListItem\",\"position\":3,\"name\":\"Hern\u00f6 Old Tom\"}]},{\"@type\":\"WebSite\",\"@id\":\"https:\/\/cat-sly.com\/#website\",\"url\":\"https:\/\/cat-sly.com\/\",\"name\":\"Cat & Sly International\",\"description\":\"Un Go\u00fbt Nordique\",\"publisher\":{\"@id\":\"https:\/\/cat-sly.com\/#organization\"},\"potentialAction\":[{\"@type\":\"SearchAction\",\"target\":{\"@type\":\"EntryPoint\",\"urlTemplate\":\"https:\/\/cat-sly.com\/?s={search_term_string}\"},\"query-input\":\"required name=search_term_string\"}],\"inLanguage\":\"fr-FR\"},{\"@type\":\"Organization\",\"@id\":\"https:\/\/cat-sly.com\/#organization\",\"name\":\"Cat & Sly International\",\"url\":\"https:\/\/cat-sly.com\/\",\"logo\":{\"@type\":\"ImageObject\",\"inLanguage\":\"fr-FR\",\"@id\":\"https:\/\/cat-sly.com\/#\/schema\/logo\/image\/\",\"url\":\"https:\/\/cat-sly.com\/wp-content\/uploads\/2022\/09\/cropped-logopriginal_catsly.png\",\"contentUrl\":\"https:\/\/cat-sly.com\/wp-content\/uploads\/2022\/09\/cropped-logopriginal_catsly.png\",\"width\":1004,\"height\":1005,\"caption\":\"Cat & Sly International\"},\"image\":{\"@id\":\"https:\/\/cat-sly.com\/#\/schema\/logo\/image\/\"},\"sameAs\":[\"https:\/\/www.facebook.com\/CatSlyInt\",\"https:\/\/www.instagram.com\/cat_sly_international\"]}]}<\/script>\n<!-- \/ Yoast SEO plugin. -->","yoast_head_json":{"title":"Hern\u00f6 Old Tom - Cat &amp; Sly International","description":"Hern\u00f6 Old Tom Gin est fabriqu\u00e9 \u00e0 partir du m\u00eame gin distill\u00e9 que Hern\u00f6 Gin, mais avec une quantit\u00e9 suppl\u00e9mentaire de reines des pr\u00e8s et d\u2019une touche de sucre. Le tout est dilu\u00e9 \u00e0 43% et ajout\u00e9 dans la distillation. L\u2019\u00e9dulcoration soul\u00e8ve les notes florales, lib\u00e8re une gamme de gen\u00e9vrier et rend le gin encore plus doux.","robots":{"index":"index","follow":"follow","max-snippet":"max-snippet:-1","max-image-preview":"max-image-preview:large","max-video-preview":"max-video-preview:-1"},"canonical":"https:\/\/cat-sly.com\/?product=herno-old-tom","og_locale":"fr_FR","og_type":"article","og_title":"Hern\u00f6 Old Tom - Cat &amp; Sly International","og_description":"Hern\u00f6 Old Tom Gin est fabriqu\u00e9 \u00e0 partir du m\u00eame gin distill\u00e9 que Hern\u00f6 Gin, mais avec une quantit\u00e9 suppl\u00e9mentaire de reines des pr\u00e8s et d\u2019une touche de sucre. Le tout est dilu\u00e9 \u00e0 43% et ajout\u00e9 dans la distillation. L\u2019\u00e9dulcoration soul\u00e8ve les notes florales, lib\u00e8re une gamme de gen\u00e9vrier et rend le gin encore plus doux.","og_url":"https:\/\/cat-sly.com\/?product=herno-old-tom","og_site_name":"Cat &amp; Sly International","article_publisher":"https:\/\/www.facebook.com\/CatSlyInt","article_modified_time":"2023-10-31T09:43:46+00:00","og_image":[{"width":932,"height":1703,"url":"http:\/\/cat-sly.com\/wp-content\/uploads\/2023\/05\/Herno-old-tom--e1683559211285.jpg","type":"image\/jpeg"}],"twitter_card":"summary_large_image","twitter_misc":{"Dur\u00e9e de lecture estim\u00e9e":"1 minute"},"schema":{"@context":"https:\/\/schema.org","@graph":[{"@type":"WebPage","@id":"https:\/\/cat-sly.com\/?product=herno-old-tom","url":"https:\/\/cat-sly.com\/?product=herno-old-tom","name":"Hern\u00f6 Old Tom - Cat &amp; Sly International","isPartOf":{"@id":"https:\/\/cat-sly.com\/#website"},"datePublished":"2023-05-08T15:18:22+00:00","dateModified":"2023-10-31T09:43:46+00:00","description":"Hern\u00f6 Old Tom Gin est fabriqu\u00e9 \u00e0 partir du m\u00eame gin distill\u00e9 que Hern\u00f6 Gin, mais avec une quantit\u00e9 suppl\u00e9mentaire de reines des pr\u00e8s et d\u2019une touche de sucre. Le tout est dilu\u00e9 \u00e0 43% et ajout\u00e9 dans la distillation. L\u2019\u00e9dulcoration soul\u00e8ve les notes florales, lib\u00e8re une gamme de gen\u00e9vrier et rend le gin encore plus doux.","breadcrumb":{"@id":"https:\/\/cat-sly.com\/?product=herno-old-tom#breadcrumb"},"inLanguage":"fr-FR","potentialAction":[{"@type":"ReadAction","target":["https:\/\/cat-sly.com\/?product=herno-old-tom"]}]},{"@type":"BreadcrumbList","@id":"https:\/\/cat-sly.com\/?product=herno-old-tom#breadcrumb","itemListElement":[{"@type":"ListItem","position":1,"name":"Home","item":"https:\/\/cat-sly.com\/"},{"@type":"ListItem","position":2,"name":"Boutique","item":"https:\/\/cat-sly.com\/?page_id=5754"},{"@type":"ListItem","position":3,"name":"Hern\u00f6 Old Tom"}]},{"@type":"WebSite","@id":"https:\/\/cat-sly.com\/#website","url":"https:\/\/cat-sly.com\/","name":"Cat & Sly International","description":"Un Go\u00fbt Nordique","publisher":{"@id":"https:\/\/cat-sly.com\/#organization"},"potentialAction":[{"@type":"SearchAction","target":{"@type":"EntryPoint","urlTemplate":"https:\/\/cat-sly.com\/?s={search_term_string}"},"query-input":"required name=search_term_string"}],"inLanguage":"fr-FR"},{"@type":"Organization","@id":"https:\/\/cat-sly.com\/#organization","name":"Cat & Sly International","url":"https:\/\/cat-sly.com\/","logo":{"@type":"ImageObject","inLanguage":"fr-FR","@id":"https:\/\/cat-sly.com\/#\/schema\/logo\/image\/","url":"https:\/\/cat-sly.com\/wp-content\/uploads\/2022\/09\/cropped-logopriginal_catsly.png","contentUrl":"https:\/\/cat-sly.com\/wp-content\/uploads\/2022\/09\/cropped-logopriginal_catsly.png","width":1004,"height":1005,"caption":"Cat & Sly International"},"image":{"@id":"https:\/\/cat-sly.com\/#\/schema\/logo\/image\/"},"sameAs":["https:\/\/www.facebook.com\/CatSlyInt","https:\/\/www.instagram.com\/cat_sly_international"]}]}},"jetpack_sharing_enabled":true,"_links":{"self":[{"href":"https:\/\/cat-sly.com\/index.php?rest_route=\/wp\/v2\/product\/5938"}],"collection":[{"href":"https:\/\/cat-sly.com\/index.php?rest_route=\/wp\/v2\/product"}],"about":[{"href":"https:\/\/cat-sly.com\/index.php?rest_route=\/wp\/v2\/types\/product"}],"replies":[{"embeddable":true,"href":"https:\/\/cat-sly.com\/index.php?rest_route=%2Fwp%2Fv2%2Fcomments&post=5938"}],"wp:featuredmedia":[{"embeddable":true,"href":"https:\/\/cat-sly.com\/index.php?rest_route=\/wp\/v2\/media\/5939"}],"wp:attachment":[{"href":"https:\/\/cat-sly.com\/index.php?rest_route=%2Fwp%2Fv2%2Fmedia&parent=5938"}],"wp:term":[{"taxonomy":"product_cat","embeddable":true,"href":"https:\/\/cat-sly.com\/index.php?rest_route=%2Fwp%2Fv2%2Fproduct_cat&post=5938"},{"taxonomy":"product_tag","embeddable":true,"href":"https:\/\/cat-sly.com\/index.php?rest_route=%2Fwp%2Fv2%2Fproduct_tag&post=5938"}],"curies":[{"name":"wp","href":"https:\/\/api.w.org\/{rel}","templated":true}]}}