{"id":5940,"date":"2023-05-08T16:20:31","date_gmt":"2023-05-08T15:20:31","guid":{"rendered":"https:\/\/cat-sly.com\/?post_type=product&#038;p=5940"},"modified":"2025-03-14T17:58:38","modified_gmt":"2025-03-14T16:58:38","slug":"herno-pink-btl","status":"publish","type":"product","link":"https:\/\/cat-sly.com\/?product=herno-pink-btl","title":{"rendered":"Hern\u00f6 Pink BTL"},"content":{"rendered":"<div class=\"elementor-element elementor-element-436d61e elementor-widget elementor-widget-text-editor\" data-id=\"436d61e\" data-element_type=\"widget\" data-widget_type=\"text-editor.default\">\n<div class=\"elementor-widget-container\">\n<p>Hern\u00f6 Pink BTL Gin est un London Dry Gin biologique, sans additifs tels que la couleur, les ar\u00f4mes artificiels ou le sucre. Le gin ne devrait pas \u00eatre color\u00e9 comme un gadget marketing. Hern\u00f6 Pink BTL Gin est un gin fruit\u00e9 et floral \u00e0 pr\u00e9dominance de gen\u00e9vrier. Distill\u00e9 avec un total de huit plantes biologiques dont le gen\u00e9vrier, les fraises et les p\u00e9tales de rose. Embouteill\u00e9 \u00e0 42%.<\/p>\n<p>NOTES DE DEGUSTATION<\/p>\n<p>NEZ : Charges de gen\u00e9vrier \u00e0 l\u2019avant, for\u00eat verte croquante. Agrumes frais et fruits rouges, un peu \u00e9pic\u00e9s.<\/p>\n<p>BOUCHE : Attaque florale suivie d\u2019une palette de gen\u00e9vrier s\u00e9veux, de fruits rouges et de coriandre. Un gin aux agrumes avec des \u00e9pices sous-jacentes et du cassia.<\/p>\n<p>FINITION : Les fraises persistent avec des notes de gen\u00e9vrier et d\u2019\u00e9pices, une douce chaleur et une longue teneur en bouche.<\/p>\n<\/div>\n<\/div>\n","protected":false},"excerpt":{"rendered":"<p>Hern\u00f6 Pink BTL Gin 42%<\/p>\n","protected":false},"featured_media":5942,"comment_status":"open","ping_status":"closed","template":"","meta":{"om_disable_all_campaigns":false,"_mi_skip_tracking":false,"_monsterinsights_sitenote_active":false,"_monsterinsights_sitenote_note":"","_monsterinsights_sitenote_category":0},"product_cat":[102],"product_tag":[105,104,103,109,110],"yoast_head":"<!-- This site is optimized with the Yoast SEO plugin v21.5 - https:\/\/yoast.com\/wordpress\/plugins\/seo\/ -->\n<title>Hern\u00f6 Pink BTL - Cat &amp; Sly International<\/title>\n<meta name=\"description\" content=\"Hern\u00f6 Pink BTL Gin est un London Dry Gin biologique, sans additifs tels que la couleur, les ar\u00f4mes artificiels ou le sucre. Le gin ne devrait pas \u00eatre color\u00e9 comme un gadget marketing. Hern\u00f6 Pink BTL Gin est un gin fruit\u00e9 et floral \u00e0 pr\u00e9dominance de gen\u00e9vrier. Distill\u00e9 avec un total de huit plantes biologiques dont le gen\u00e9vrier, les fraises et les p\u00e9tales de rose. Embouteill\u00e9 \u00e0 42%.\" \/>\n<meta name=\"robots\" content=\"index, follow, max-snippet:-1, max-image-preview:large, max-video-preview:-1\" \/>\n<link rel=\"canonical\" href=\"https:\/\/cat-sly.com\/?product=herno-pink-btl\" \/>\n<meta property=\"og:locale\" content=\"fr_FR\" \/>\n<meta property=\"og:type\" content=\"article\" \/>\n<meta property=\"og:title\" content=\"Hern\u00f6 Pink BTL - Cat &amp; Sly International\" \/>\n<meta property=\"og:description\" content=\"Hern\u00f6 Pink BTL Gin est un London Dry Gin biologique, sans additifs tels que la couleur, les ar\u00f4mes artificiels ou le sucre. Le gin ne devrait pas \u00eatre color\u00e9 comme un gadget marketing. Hern\u00f6 Pink BTL Gin est un gin fruit\u00e9 et floral \u00e0 pr\u00e9dominance de gen\u00e9vrier. Distill\u00e9 avec un total de huit plantes biologiques dont le gen\u00e9vrier, les fraises et les p\u00e9tales de rose. Embouteill\u00e9 \u00e0 42%.\" \/>\n<meta property=\"og:url\" content=\"https:\/\/cat-sly.com\/?product=herno-pink-btl\" \/>\n<meta property=\"og:site_name\" content=\"Cat &amp; Sly International\" \/>\n<meta property=\"article:publisher\" content=\"https:\/\/www.facebook.com\/CatSlyInt\" \/>\n<meta property=\"article:modified_time\" content=\"2025-03-14T16:58:38+00:00\" \/>\n<meta property=\"og:image\" content=\"http:\/\/cat-sly.com\/wp-content\/uploads\/2023\/05\/Herno-Pink-e1683559495423.jpg\" \/>\n\t<meta property=\"og:image:width\" content=\"841\" \/>\n\t<meta property=\"og:image:height\" content=\"1643\" \/>\n\t<meta property=\"og:image:type\" content=\"image\/jpeg\" \/>\n<meta name=\"twitter:card\" content=\"summary_large_image\" \/>\n<meta name=\"twitter:label1\" content=\"Dur\u00e9e de lecture estim\u00e9e\" \/>\n\t<meta name=\"twitter:data1\" content=\"1 minute\" \/>\n<script type=\"application\/ld+json\" class=\"yoast-schema-graph\">{\"@context\":\"https:\/\/schema.org\",\"@graph\":[{\"@type\":\"WebPage\",\"@id\":\"https:\/\/cat-sly.com\/?product=herno-pink-btl\",\"url\":\"https:\/\/cat-sly.com\/?product=herno-pink-btl\",\"name\":\"Hern\u00f6 Pink BTL - Cat &amp; Sly International\",\"isPartOf\":{\"@id\":\"https:\/\/cat-sly.com\/#website\"},\"datePublished\":\"2023-05-08T15:20:31+00:00\",\"dateModified\":\"2025-03-14T16:58:38+00:00\",\"description\":\"Hern\u00f6 Pink BTL Gin est un London Dry Gin biologique, sans additifs tels que la couleur, les ar\u00f4mes artificiels ou le sucre. Le gin ne devrait pas \u00eatre color\u00e9 comme un gadget marketing. Hern\u00f6 Pink BTL Gin est un gin fruit\u00e9 et floral \u00e0 pr\u00e9dominance de gen\u00e9vrier. Distill\u00e9 avec un total de huit plantes biologiques dont le gen\u00e9vrier, les fraises et les p\u00e9tales de rose. Embouteill\u00e9 \u00e0 42%.\",\"breadcrumb\":{\"@id\":\"https:\/\/cat-sly.com\/?product=herno-pink-btl#breadcrumb\"},\"inLanguage\":\"fr-FR\",\"potentialAction\":[{\"@type\":\"ReadAction\",\"target\":[\"https:\/\/cat-sly.com\/?product=herno-pink-btl\"]}]},{\"@type\":\"BreadcrumbList\",\"@id\":\"https:\/\/cat-sly.com\/?product=herno-pink-btl#breadcrumb\",\"itemListElement\":[{\"@type\":\"ListItem\",\"position\":1,\"name\":\"Home\",\"item\":\"https:\/\/cat-sly.com\/\"},{\"@type\":\"ListItem\",\"position\":2,\"name\":\"Boutique\",\"item\":\"https:\/\/cat-sly.com\/?page_id=5754\"},{\"@type\":\"ListItem\",\"position\":3,\"name\":\"Hern\u00f6 Pink BTL\"}]},{\"@type\":\"WebSite\",\"@id\":\"https:\/\/cat-sly.com\/#website\",\"url\":\"https:\/\/cat-sly.com\/\",\"name\":\"Cat & Sly International\",\"description\":\"Un Go\u00fbt Nordique\",\"publisher\":{\"@id\":\"https:\/\/cat-sly.com\/#organization\"},\"potentialAction\":[{\"@type\":\"SearchAction\",\"target\":{\"@type\":\"EntryPoint\",\"urlTemplate\":\"https:\/\/cat-sly.com\/?s={search_term_string}\"},\"query-input\":\"required name=search_term_string\"}],\"inLanguage\":\"fr-FR\"},{\"@type\":\"Organization\",\"@id\":\"https:\/\/cat-sly.com\/#organization\",\"name\":\"Cat & Sly International\",\"url\":\"https:\/\/cat-sly.com\/\",\"logo\":{\"@type\":\"ImageObject\",\"inLanguage\":\"fr-FR\",\"@id\":\"https:\/\/cat-sly.com\/#\/schema\/logo\/image\/\",\"url\":\"https:\/\/cat-sly.com\/wp-content\/uploads\/2022\/09\/cropped-logopriginal_catsly.png\",\"contentUrl\":\"https:\/\/cat-sly.com\/wp-content\/uploads\/2022\/09\/cropped-logopriginal_catsly.png\",\"width\":1004,\"height\":1005,\"caption\":\"Cat & Sly International\"},\"image\":{\"@id\":\"https:\/\/cat-sly.com\/#\/schema\/logo\/image\/\"},\"sameAs\":[\"https:\/\/www.facebook.com\/CatSlyInt\",\"https:\/\/www.instagram.com\/cat_sly_international\"]}]}<\/script>\n<!-- \/ Yoast SEO plugin. -->","yoast_head_json":{"title":"Hern\u00f6 Pink BTL - Cat &amp; Sly International","description":"Hern\u00f6 Pink BTL Gin est un London Dry Gin biologique, sans additifs tels que la couleur, les ar\u00f4mes artificiels ou le sucre. Le gin ne devrait pas \u00eatre color\u00e9 comme un gadget marketing. Hern\u00f6 Pink BTL Gin est un gin fruit\u00e9 et floral \u00e0 pr\u00e9dominance de gen\u00e9vrier. Distill\u00e9 avec un total de huit plantes biologiques dont le gen\u00e9vrier, les fraises et les p\u00e9tales de rose. Embouteill\u00e9 \u00e0 42%.","robots":{"index":"index","follow":"follow","max-snippet":"max-snippet:-1","max-image-preview":"max-image-preview:large","max-video-preview":"max-video-preview:-1"},"canonical":"https:\/\/cat-sly.com\/?product=herno-pink-btl","og_locale":"fr_FR","og_type":"article","og_title":"Hern\u00f6 Pink BTL - Cat &amp; Sly International","og_description":"Hern\u00f6 Pink BTL Gin est un London Dry Gin biologique, sans additifs tels que la couleur, les ar\u00f4mes artificiels ou le sucre. Le gin ne devrait pas \u00eatre color\u00e9 comme un gadget marketing. Hern\u00f6 Pink BTL Gin est un gin fruit\u00e9 et floral \u00e0 pr\u00e9dominance de gen\u00e9vrier. Distill\u00e9 avec un total de huit plantes biologiques dont le gen\u00e9vrier, les fraises et les p\u00e9tales de rose. Embouteill\u00e9 \u00e0 42%.","og_url":"https:\/\/cat-sly.com\/?product=herno-pink-btl","og_site_name":"Cat &amp; Sly International","article_publisher":"https:\/\/www.facebook.com\/CatSlyInt","article_modified_time":"2025-03-14T16:58:38+00:00","og_image":[{"width":841,"height":1643,"url":"http:\/\/cat-sly.com\/wp-content\/uploads\/2023\/05\/Herno-Pink-e1683559495423.jpg","type":"image\/jpeg"}],"twitter_card":"summary_large_image","twitter_misc":{"Dur\u00e9e de lecture estim\u00e9e":"1 minute"},"schema":{"@context":"https:\/\/schema.org","@graph":[{"@type":"WebPage","@id":"https:\/\/cat-sly.com\/?product=herno-pink-btl","url":"https:\/\/cat-sly.com\/?product=herno-pink-btl","name":"Hern\u00f6 Pink BTL - Cat &amp; Sly International","isPartOf":{"@id":"https:\/\/cat-sly.com\/#website"},"datePublished":"2023-05-08T15:20:31+00:00","dateModified":"2025-03-14T16:58:38+00:00","description":"Hern\u00f6 Pink BTL Gin est un London Dry Gin biologique, sans additifs tels que la couleur, les ar\u00f4mes artificiels ou le sucre. Le gin ne devrait pas \u00eatre color\u00e9 comme un gadget marketing. Hern\u00f6 Pink BTL Gin est un gin fruit\u00e9 et floral \u00e0 pr\u00e9dominance de gen\u00e9vrier. Distill\u00e9 avec un total de huit plantes biologiques dont le gen\u00e9vrier, les fraises et les p\u00e9tales de rose. Embouteill\u00e9 \u00e0 42%.","breadcrumb":{"@id":"https:\/\/cat-sly.com\/?product=herno-pink-btl#breadcrumb"},"inLanguage":"fr-FR","potentialAction":[{"@type":"ReadAction","target":["https:\/\/cat-sly.com\/?product=herno-pink-btl"]}]},{"@type":"BreadcrumbList","@id":"https:\/\/cat-sly.com\/?product=herno-pink-btl#breadcrumb","itemListElement":[{"@type":"ListItem","position":1,"name":"Home","item":"https:\/\/cat-sly.com\/"},{"@type":"ListItem","position":2,"name":"Boutique","item":"https:\/\/cat-sly.com\/?page_id=5754"},{"@type":"ListItem","position":3,"name":"Hern\u00f6 Pink BTL"}]},{"@type":"WebSite","@id":"https:\/\/cat-sly.com\/#website","url":"https:\/\/cat-sly.com\/","name":"Cat & Sly International","description":"Un Go\u00fbt Nordique","publisher":{"@id":"https:\/\/cat-sly.com\/#organization"},"potentialAction":[{"@type":"SearchAction","target":{"@type":"EntryPoint","urlTemplate":"https:\/\/cat-sly.com\/?s={search_term_string}"},"query-input":"required name=search_term_string"}],"inLanguage":"fr-FR"},{"@type":"Organization","@id":"https:\/\/cat-sly.com\/#organization","name":"Cat & Sly International","url":"https:\/\/cat-sly.com\/","logo":{"@type":"ImageObject","inLanguage":"fr-FR","@id":"https:\/\/cat-sly.com\/#\/schema\/logo\/image\/","url":"https:\/\/cat-sly.com\/wp-content\/uploads\/2022\/09\/cropped-logopriginal_catsly.png","contentUrl":"https:\/\/cat-sly.com\/wp-content\/uploads\/2022\/09\/cropped-logopriginal_catsly.png","width":1004,"height":1005,"caption":"Cat & Sly International"},"image":{"@id":"https:\/\/cat-sly.com\/#\/schema\/logo\/image\/"},"sameAs":["https:\/\/www.facebook.com\/CatSlyInt","https:\/\/www.instagram.com\/cat_sly_international"]}]}},"jetpack_sharing_enabled":true,"_links":{"self":[{"href":"https:\/\/cat-sly.com\/index.php?rest_route=\/wp\/v2\/product\/5940"}],"collection":[{"href":"https:\/\/cat-sly.com\/index.php?rest_route=\/wp\/v2\/product"}],"about":[{"href":"https:\/\/cat-sly.com\/index.php?rest_route=\/wp\/v2\/types\/product"}],"replies":[{"embeddable":true,"href":"https:\/\/cat-sly.com\/index.php?rest_route=%2Fwp%2Fv2%2Fcomments&post=5940"}],"wp:featuredmedia":[{"embeddable":true,"href":"https:\/\/cat-sly.com\/index.php?rest_route=\/wp\/v2\/media\/5942"}],"wp:attachment":[{"href":"https:\/\/cat-sly.com\/index.php?rest_route=%2Fwp%2Fv2%2Fmedia&parent=5940"}],"wp:term":[{"taxonomy":"product_cat","embeddable":true,"href":"https:\/\/cat-sly.com\/index.php?rest_route=%2Fwp%2Fv2%2Fproduct_cat&post=5940"},{"taxonomy":"product_tag","embeddable":true,"href":"https:\/\/cat-sly.com\/index.php?rest_route=%2Fwp%2Fv2%2Fproduct_tag&post=5940"}],"curies":[{"name":"wp","href":"https:\/\/api.w.org\/{rel}","templated":true}]}}